{"id":717,"date":"2025-02-07T19:44:16","date_gmt":"2025-02-07T19:44:16","guid":{"rendered":"https:\/\/mghaugsdorf.at\/geschichte\/?page_id=717"},"modified":"2025-02-07T19:50:03","modified_gmt":"2025-02-07T19:50:03","slug":"automobile-und-motorraeder","status":"publish","type":"page","link":"https:\/\/mghaugsdorf.at\/geschichte\/?page_id=717","title":{"rendered":"Automobile und Motorr\u00e4der"},"content":{"rendered":"\n<figure data-wp-context=\"{&quot;imageId&quot;:&quot;69f5293ad804a&quot;}\" data-wp-interactive=\"core\/image\" data-wp-key=\"69f5293ad804a\" class=\"wp-block-image alignright size-medium wp-lightbox-container\"><img loading=\"lazy\" decoding=\"async\" width=\"300\" height=\"230\" data-wp-class--hide=\"state.isContentHidden\" data-wp-class--show=\"state.isContentVisible\" data-wp-init=\"callbacks.setButtonStyles\" data-wp-on--click=\"actions.showLightbox\" data-wp-on--load=\"callbacks.setButtonStyles\" data-wp-on-window--resize=\"callbacks.setButtonStyles\" src=\"https:\/\/mghaugsdorf.at\/geschichte\/wp-content\/uploads\/2025\/02\/Motorrad-Huebel-300x230.jpg\" alt=\"\" class=\"wp-image-719\" srcset=\"https:\/\/mghaugsdorf.at\/geschichte\/wp-content\/uploads\/2025\/02\/Motorrad-Huebel-300x230.jpg 300w, https:\/\/mghaugsdorf.at\/geschichte\/wp-content\/uploads\/2025\/02\/Motorrad-Huebel-1024x784.jpg 1024w, https:\/\/mghaugsdorf.at\/geschichte\/wp-content\/uploads\/2025\/02\/Motorrad-Huebel-768x588.jpg 768w, https:\/\/mghaugsdorf.at\/geschichte\/wp-content\/uploads\/2025\/02\/Motorrad-Huebel.jpg 1265w\" sizes=\"auto, (max-width: 300px) 100vw, 300px\" \/><button\n\t\t\tclass=\"lightbox-trigger\"\n\t\t\ttype=\"button\"\n\t\t\taria-haspopup=\"dialog\"\n\t\t\taria-label=\"Vergr\u00f6\u00dfern\"\n\t\t\tdata-wp-init=\"callbacks.initTriggerButton\"\n\t\t\tdata-wp-on--click=\"actions.showLightbox\"\n\t\t\tdata-wp-style--right=\"state.imageButtonRight\"\n\t\t\tdata-wp-style--top=\"state.imageButtonTop\"\n\t\t>\n\t\t\t<svg xmlns=\"http:\/\/www.w3.org\/2000\/svg\" width=\"12\" height=\"12\" fill=\"none\" viewBox=\"0 0 12 12\">\n\t\t\t\t<path fill=\"#fff\" d=\"M2 0a2 2 0 0 0-2 2v2h1.5V2a.5.5 0 0 1 .5-.5h2V0H2Zm2 10.5H2a.5.5 0 0 1-.5-.5V8H0v2a2 2 0 0 0 2 2h2v-1.5ZM8 12v-1.5h2a.5.5 0 0 0 .5-.5V8H12v2a2 2 0 0 1-2 2H8Zm2-12a2 2 0 0 1 2 2v2h-1.5V2a.5.5 0 0 0-.5-.5H8V0h2Z\" \/>\n\t\t\t<\/svg>\n\t\t<\/button><\/figure>\n\n\n\n<p>Zu den ersten Pionieren des Motorsports im Pulkautal z\u00e4hlte der Buchdruckereibesitzer Rudolf H\u00fcbel in Haugsdorf. Er erwarb 1909 von einem M\u00fchlenbesitzer aus Joslowitz eine Beiwagenmaschine der Marke \u201eLaurent-Element\u201c und kurze Zeit darauf eine Solomaschine der Marke \u201eNeckarsulm\u201c. Mit diesem Motorrad nahm Herr H\u00fcbel am 16. Juli 1911 an einer Sternfahrt des \u00d6sterreichischen Touringclubs teil und gewann den ersten Preis: eine goldene Uhr mit Widmung.<\/p>\n\n\n\n<p>Der erste Automobilbesitzer war ebenfalls Rudolf H\u00fcbel, der am 14. M\u00e4rz 1914 eines der Type \u201eAdler\u201c mit zweizylindrigem Viertaktmotor erwarb. <\/p>\n\n\n\n<div class=\"wp-block-columns is-layout-flex wp-container-core-columns-is-layout-28f84493 wp-block-columns-is-layout-flex\">\n<div class=\"wp-block-column is-layout-flow wp-block-column-is-layout-flow\">\n<figure data-wp-context=\"{&quot;imageId&quot;:&quot;69f5293ad86b5&quot;}\" data-wp-interactive=\"core\/image\" data-wp-key=\"69f5293ad86b5\" class=\"wp-block-image size-large wp-lightbox-container\"><img loading=\"lazy\" decoding=\"async\" width=\"1024\" height=\"738\" data-wp-class--hide=\"state.isContentHidden\" data-wp-class--show=\"state.isContentVisible\" data-wp-init=\"callbacks.setButtonStyles\" data-wp-on--click=\"actions.showLightbox\" data-wp-on--load=\"callbacks.setButtonStyles\" data-wp-on-window--resize=\"callbacks.setButtonStyles\" src=\"https:\/\/mghaugsdorf.at\/geschichte\/wp-content\/uploads\/2025\/02\/Automobil-Schoellauf-1-1024x738.jpg\" alt=\"\" class=\"wp-image-721\" srcset=\"https:\/\/mghaugsdorf.at\/geschichte\/wp-content\/uploads\/2025\/02\/Automobil-Schoellauf-1-1024x738.jpg 1024w, https:\/\/mghaugsdorf.at\/geschichte\/wp-content\/uploads\/2025\/02\/Automobil-Schoellauf-1-300x216.jpg 300w, https:\/\/mghaugsdorf.at\/geschichte\/wp-content\/uploads\/2025\/02\/Automobil-Schoellauf-1-768x553.jpg 768w, https:\/\/mghaugsdorf.at\/geschichte\/wp-content\/uploads\/2025\/02\/Automobil-Schoellauf-1.jpg 1245w\" sizes=\"auto, (max-width: 1024px) 100vw, 1024px\" \/><button\n\t\t\tclass=\"lightbox-trigger\"\n\t\t\ttype=\"button\"\n\t\t\taria-haspopup=\"dialog\"\n\t\t\taria-label=\"Vergr\u00f6\u00dfern\"\n\t\t\tdata-wp-init=\"callbacks.initTriggerButton\"\n\t\t\tdata-wp-on--click=\"actions.showLightbox\"\n\t\t\tdata-wp-style--right=\"state.imageButtonRight\"\n\t\t\tdata-wp-style--top=\"state.imageButtonTop\"\n\t\t>\n\t\t\t<svg xmlns=\"http:\/\/www.w3.org\/2000\/svg\" width=\"12\" height=\"12\" fill=\"none\" viewBox=\"0 0 12 12\">\n\t\t\t\t<path fill=\"#fff\" d=\"M2 0a2 2 0 0 0-2 2v2h1.5V2a.5.5 0 0 1 .5-.5h2V0H2Zm2 10.5H2a.5.5 0 0 1-.5-.5V8H0v2a2 2 0 0 0 2 2h2v-1.5ZM8 12v-1.5h2a.5.5 0 0 0 .5-.5V8H12v2a2 2 0 0 1-2 2H8Zm2-12a2 2 0 0 1 2 2v2h-1.5V2a.5.5 0 0 0-.5-.5H8V0h2Z\" \/>\n\t\t\t<\/svg>\n\t\t<\/button><figcaption class=\"wp-element-caption\">Hans Sch\u00f6llauf<\/figcaption><\/figure>\n<\/div>\n\n\n\n<div class=\"wp-block-column is-layout-flow wp-block-column-is-layout-flow\">\n<figure data-wp-context=\"{&quot;imageId&quot;:&quot;69f5293adaad1&quot;}\" data-wp-interactive=\"core\/image\" data-wp-key=\"69f5293adaad1\" class=\"wp-block-image size-large wp-lightbox-container\"><img loading=\"lazy\" decoding=\"async\" width=\"1024\" height=\"677\" data-wp-class--hide=\"state.isContentHidden\" data-wp-class--show=\"state.isContentVisible\" data-wp-init=\"callbacks.setButtonStyles\" data-wp-on--click=\"actions.showLightbox\" data-wp-on--load=\"callbacks.setButtonStyles\" data-wp-on-window--resize=\"callbacks.setButtonStyles\" src=\"https:\/\/mghaugsdorf.at\/geschichte\/wp-content\/uploads\/2025\/02\/Herr-Bock-1024x677.jpg\" alt=\"\" class=\"wp-image-722\" srcset=\"https:\/\/mghaugsdorf.at\/geschichte\/wp-content\/uploads\/2025\/02\/Herr-Bock-1024x677.jpg 1024w, https:\/\/mghaugsdorf.at\/geschichte\/wp-content\/uploads\/2025\/02\/Herr-Bock-300x198.jpg 300w, https:\/\/mghaugsdorf.at\/geschichte\/wp-content\/uploads\/2025\/02\/Herr-Bock-768x508.jpg 768w, https:\/\/mghaugsdorf.at\/geschichte\/wp-content\/uploads\/2025\/02\/Herr-Bock-1536x1016.jpg 1536w, https:\/\/mghaugsdorf.at\/geschichte\/wp-content\/uploads\/2025\/02\/Herr-Bock-2048x1355.jpg 2048w\" sizes=\"auto, (max-width: 1024px) 100vw, 1024px\" \/><button\n\t\t\tclass=\"lightbox-trigger\"\n\t\t\ttype=\"button\"\n\t\t\taria-haspopup=\"dialog\"\n\t\t\taria-label=\"Vergr\u00f6\u00dfern\"\n\t\t\tdata-wp-init=\"callbacks.initTriggerButton\"\n\t\t\tdata-wp-on--click=\"actions.showLightbox\"\n\t\t\tdata-wp-style--right=\"state.imageButtonRight\"\n\t\t\tdata-wp-style--top=\"state.imageButtonTop\"\n\t\t>\n\t\t\t<svg xmlns=\"http:\/\/www.w3.org\/2000\/svg\" width=\"12\" height=\"12\" fill=\"none\" viewBox=\"0 0 12 12\">\n\t\t\t\t<path fill=\"#fff\" d=\"M2 0a2 2 0 0 0-2 2v2h1.5V2a.5.5 0 0 1 .5-.5h2V0H2Zm2 10.5H2a.5.5 0 0 1-.5-.5V8H0v2a2 2 0 0 0 2 2h2v-1.5ZM8 12v-1.5h2a.5.5 0 0 0 .5-.5V8H12v2a2 2 0 0 1-2 2H8Zm2-12a2 2 0 0 1 2 2v2h-1.5V2a.5.5 0 0 0-.5-.5H8V0h2Z\" \/>\n\t\t\t<\/svg>\n\t\t<\/button><figcaption class=\"wp-element-caption\">Sodafabrikant Franz Bock<\/figcaption><\/figure>\n<\/div>\n\n\n\n<div class=\"wp-block-column is-layout-flow wp-block-column-is-layout-flow\">\n<figure data-wp-context=\"{&quot;imageId&quot;:&quot;69f5293adb0c8&quot;}\" data-wp-interactive=\"core\/image\" data-wp-key=\"69f5293adb0c8\" class=\"wp-block-image size-large wp-lightbox-container\"><img loading=\"lazy\" decoding=\"async\" width=\"1024\" height=\"656\" data-wp-class--hide=\"state.isContentHidden\" data-wp-class--show=\"state.isContentVisible\" data-wp-init=\"callbacks.setButtonStyles\" data-wp-on--click=\"actions.showLightbox\" data-wp-on--load=\"callbacks.setButtonStyles\" data-wp-on-window--resize=\"callbacks.setButtonStyles\" src=\"https:\/\/mghaugsdorf.at\/geschichte\/wp-content\/uploads\/2025\/02\/Ausflug-1949-Frau-Muekusch-Kaufhaus-1024x656.jpg\" alt=\"\" class=\"wp-image-723\" srcset=\"https:\/\/mghaugsdorf.at\/geschichte\/wp-content\/uploads\/2025\/02\/Ausflug-1949-Frau-Muekusch-Kaufhaus-1024x656.jpg 1024w, https:\/\/mghaugsdorf.at\/geschichte\/wp-content\/uploads\/2025\/02\/Ausflug-1949-Frau-Muekusch-Kaufhaus-300x192.jpg 300w, https:\/\/mghaugsdorf.at\/geschichte\/wp-content\/uploads\/2025\/02\/Ausflug-1949-Frau-Muekusch-Kaufhaus-768x492.jpg 768w, https:\/\/mghaugsdorf.at\/geschichte\/wp-content\/uploads\/2025\/02\/Ausflug-1949-Frau-Muekusch-Kaufhaus-1536x984.jpg 1536w, https:\/\/mghaugsdorf.at\/geschichte\/wp-content\/uploads\/2025\/02\/Ausflug-1949-Frau-Muekusch-Kaufhaus.jpg 1982w\" sizes=\"auto, (max-width: 1024px) 100vw, 1024px\" \/><button\n\t\t\tclass=\"lightbox-trigger\"\n\t\t\ttype=\"button\"\n\t\t\taria-haspopup=\"dialog\"\n\t\t\taria-label=\"Vergr\u00f6\u00dfern\"\n\t\t\tdata-wp-init=\"callbacks.initTriggerButton\"\n\t\t\tdata-wp-on--click=\"actions.showLightbox\"\n\t\t\tdata-wp-style--right=\"state.imageButtonRight\"\n\t\t\tdata-wp-style--top=\"state.imageButtonTop\"\n\t\t>\n\t\t\t<svg xmlns=\"http:\/\/www.w3.org\/2000\/svg\" width=\"12\" height=\"12\" fill=\"none\" viewBox=\"0 0 12 12\">\n\t\t\t\t<path fill=\"#fff\" d=\"M2 0a2 2 0 0 0-2 2v2h1.5V2a.5.5 0 0 1 .5-.5h2V0H2Zm2 10.5H2a.5.5 0 0 1-.5-.5V8H0v2a2 2 0 0 0 2 2h2v-1.5ZM8 12v-1.5h2a.5.5 0 0 0 .5-.5V8H12v2a2 2 0 0 1-2 2H8Zm2-12a2 2 0 0 1 2 2v2h-1.5V2a.5.5 0 0 0-.5-.5H8V0h2Z\" \/>\n\t\t\t<\/svg>\n\t\t<\/button><figcaption class=\"wp-element-caption\">Frau M\u00fckusch 1949<\/figcaption><\/figure>\n<\/div>\n<\/div>\n\n\n\n<p>Ein Motorrad zu besitzen war in den 50er und 60er Jahren der Traum eines jeden Burschen. Damit konnte man nat\u00fcrlich auch den M\u00e4dchen imponieren, die auf solche Spritztouren mitgenommen wurden.<\/p>\n\n\n\n<div class=\"wp-block-columns is-layout-flex wp-container-core-columns-is-layout-28f84493 wp-block-columns-is-layout-flex\">\n<div class=\"wp-block-column is-layout-flow wp-block-column-is-layout-flow\">\n<figure data-wp-context=\"{&quot;imageId&quot;:&quot;69f5293adb7ea&quot;}\" data-wp-interactive=\"core\/image\" data-wp-key=\"69f5293adb7ea\" class=\"wp-block-image size-large wp-lightbox-container\"><img loading=\"lazy\" decoding=\"async\" width=\"1024\" height=\"682\" data-wp-class--hide=\"state.isContentHidden\" data-wp-class--show=\"state.isContentVisible\" data-wp-init=\"callbacks.setButtonStyles\" data-wp-on--click=\"actions.showLightbox\" data-wp-on--load=\"callbacks.setButtonStyles\" data-wp-on-window--resize=\"callbacks.setButtonStyles\" src=\"https:\/\/mghaugsdorf.at\/geschichte\/wp-content\/uploads\/2025\/02\/Motorraeder-1024x682.jpg\" alt=\"\" class=\"wp-image-724\" srcset=\"https:\/\/mghaugsdorf.at\/geschichte\/wp-content\/uploads\/2025\/02\/Motorraeder-1024x682.jpg 1024w, https:\/\/mghaugsdorf.at\/geschichte\/wp-content\/uploads\/2025\/02\/Motorraeder-300x200.jpg 300w, https:\/\/mghaugsdorf.at\/geschichte\/wp-content\/uploads\/2025\/02\/Motorraeder-768x512.jpg 768w, https:\/\/mghaugsdorf.at\/geschichte\/wp-content\/uploads\/2025\/02\/Motorraeder-1536x1024.jpg 1536w, https:\/\/mghaugsdorf.at\/geschichte\/wp-content\/uploads\/2025\/02\/Motorraeder.jpg 1733w\" sizes=\"auto, (max-width: 1024px) 100vw, 1024px\" \/><button\n\t\t\tclass=\"lightbox-trigger\"\n\t\t\ttype=\"button\"\n\t\t\taria-haspopup=\"dialog\"\n\t\t\taria-label=\"Vergr\u00f6\u00dfern\"\n\t\t\tdata-wp-init=\"callbacks.initTriggerButton\"\n\t\t\tdata-wp-on--click=\"actions.showLightbox\"\n\t\t\tdata-wp-style--right=\"state.imageButtonRight\"\n\t\t\tdata-wp-style--top=\"state.imageButtonTop\"\n\t\t>\n\t\t\t<svg xmlns=\"http:\/\/www.w3.org\/2000\/svg\" width=\"12\" height=\"12\" fill=\"none\" viewBox=\"0 0 12 12\">\n\t\t\t\t<path fill=\"#fff\" d=\"M2 0a2 2 0 0 0-2 2v2h1.5V2a.5.5 0 0 1 .5-.5h2V0H2Zm2 10.5H2a.5.5 0 0 1-.5-.5V8H0v2a2 2 0 0 0 2 2h2v-1.5ZM8 12v-1.5h2a.5.5 0 0 0 .5-.5V8H12v2a2 2 0 0 1-2 2H8Zm2-12a2 2 0 0 1 2 2v2h-1.5V2a.5.5 0 0 0-.5-.5H8V0h2Z\" \/>\n\t\t\t<\/svg>\n\t\t<\/button><\/figure>\n<\/div>\n\n\n\n<div class=\"wp-block-column is-layout-flow wp-block-column-is-layout-flow\">\n<figure data-wp-context=\"{&quot;imageId&quot;:&quot;69f5293adbd48&quot;}\" data-wp-interactive=\"core\/image\" data-wp-key=\"69f5293adbd48\" class=\"wp-block-image size-large wp-lightbox-container\"><img loading=\"lazy\" decoding=\"async\" width=\"1024\" height=\"658\" data-wp-class--hide=\"state.isContentHidden\" data-wp-class--show=\"state.isContentVisible\" data-wp-init=\"callbacks.setButtonStyles\" data-wp-on--click=\"actions.showLightbox\" data-wp-on--load=\"callbacks.setButtonStyles\" data-wp-on-window--resize=\"callbacks.setButtonStyles\" src=\"https:\/\/mghaugsdorf.at\/geschichte\/wp-content\/uploads\/2025\/02\/Motorraeder-2-1024x658.jpg\" alt=\"\" class=\"wp-image-725\" srcset=\"https:\/\/mghaugsdorf.at\/geschichte\/wp-content\/uploads\/2025\/02\/Motorraeder-2-1024x658.jpg 1024w, https:\/\/mghaugsdorf.at\/geschichte\/wp-content\/uploads\/2025\/02\/Motorraeder-2-300x193.jpg 300w, https:\/\/mghaugsdorf.at\/geschichte\/wp-content\/uploads\/2025\/02\/Motorraeder-2-768x494.jpg 768w, https:\/\/mghaugsdorf.at\/geschichte\/wp-content\/uploads\/2025\/02\/Motorraeder-2-1536x987.jpg 1536w, https:\/\/mghaugsdorf.at\/geschichte\/wp-content\/uploads\/2025\/02\/Motorraeder-2.jpg 1599w\" sizes=\"auto, (max-width: 1024px) 100vw, 1024px\" \/><button\n\t\t\tclass=\"lightbox-trigger\"\n\t\t\ttype=\"button\"\n\t\t\taria-haspopup=\"dialog\"\n\t\t\taria-label=\"Vergr\u00f6\u00dfern\"\n\t\t\tdata-wp-init=\"callbacks.initTriggerButton\"\n\t\t\tdata-wp-on--click=\"actions.showLightbox\"\n\t\t\tdata-wp-style--right=\"state.imageButtonRight\"\n\t\t\tdata-wp-style--top=\"state.imageButtonTop\"\n\t\t>\n\t\t\t<svg xmlns=\"http:\/\/www.w3.org\/2000\/svg\" width=\"12\" height=\"12\" fill=\"none\" viewBox=\"0 0 12 12\">\n\t\t\t\t<path fill=\"#fff\" d=\"M2 0a2 2 0 0 0-2 2v2h1.5V2a.5.5 0 0 1 .5-.5h2V0H2Zm2 10.5H2a.5.5 0 0 1-.5-.5V8H0v2a2 2 0 0 0 2 2h2v-1.5ZM8 12v-1.5h2a.5.5 0 0 0 .5-.5V8H12v2a2 2 0 0 1-2 2H8Zm2-12a2 2 0 0 1 2 2v2h-1.5V2a.5.5 0 0 0-.5-.5H8V0h2Z\" \/>\n\t\t\t<\/svg>\n\t\t<\/button><\/figure>\n<\/div>\n<\/div>\n","protected":false},"excerpt":{"rendered":"<p>Zu den ersten Pionieren des Motorsports im Pulkautal z\u00e4hlte der Buchdruckereibesitzer Rudolf H\u00fcbel in Haugsdorf. Er erwarb 1909 von einem M\u00fchlenbesitzer aus Joslowitz eine Beiwagenmaschine der Marke \u201eLaurent-Element\u201c und kurze Zeit darauf eine Solomaschine der Marke \u201eNeckarsulm\u201c. Mit diesem Motorrad nahm Herr H\u00fcbel am 16. Juli 1911 an einer Sternfahrt des \u00d6sterreichischen Touringclubs teil und [&hellip;]<\/p>\n","protected":false},"author":1,"featured_media":0,"parent":0,"menu_order":0,"comment_status":"closed","ping_status":"closed","template":"wp-custom-template-lebensgeschichten","meta":{"footnotes":""},"class_list":["post-717","page","type-page","status-publish","hentry"],"_links":{"self":[{"href":"https:\/\/mghaugsdorf.at\/geschichte\/index.php?rest_route=\/wp\/v2\/pages\/717","targetHints":{"allow":["GET"]}}],"collection":[{"href":"https:\/\/mghaugsdorf.at\/geschichte\/index.php?rest_route=\/wp\/v2\/pages"}],"about":[{"href":"https:\/\/mghaugsdorf.at\/geschichte\/index.php?rest_route=\/wp\/v2\/types\/page"}],"author":[{"embeddable":true,"href":"https:\/\/mghaugsdorf.at\/geschichte\/index.php?rest_route=\/wp\/v2\/users\/1"}],"replies":[{"embeddable":true,"href":"https:\/\/mghaugsdorf.at\/geschichte\/index.php?rest_route=%2Fwp%2Fv2%2Fcomments&post=717"}],"version-history":[{"count":1,"href":"https:\/\/mghaugsdorf.at\/geschichte\/index.php?rest_route=\/wp\/v2\/pages\/717\/revisions"}],"predecessor-version":[{"id":726,"href":"https:\/\/mghaugsdorf.at\/geschichte\/index.php?rest_route=\/wp\/v2\/pages\/717\/revisions\/726"}],"wp:attachment":[{"href":"https:\/\/mghaugsdorf.at\/geschichte\/index.php?rest_route=%2Fwp%2Fv2%2Fmedia&parent=717"}],"curies":[{"name":"wp","href":"https:\/\/api.w.org\/{rel}","templated":true}]}}