{"id":570,"date":"2025-02-03T14:28:45","date_gmt":"2025-02-03T14:28:45","guid":{"rendered":"https:\/\/mghaugsdorf.at\/geschichte\/?page_id=570"},"modified":"2025-02-03T17:03:37","modified_gmt":"2025-02-03T17:03:37","slug":"arbeit-gab-es-genug","status":"publish","type":"page","link":"https:\/\/mghaugsdorf.at\/geschichte\/?page_id=570","title":{"rendered":"Arbeit gab es genug"},"content":{"rendered":"\n<p>Zu den Aufgaben der \u00e4lteren Kinder geh\u00f6rte es, das Schweinefutter zuzubereiten. Im Fr\u00fchjahr, wenn die Erd\u00e4pfel bereits austrieben, mussten sie zuerst &#8222;okredert&#8220; (=abgekrautert) werden. Beim &#8222;Kesselschwellen&#8220; wurde mit &#8222;Re(b)biadln&#8220; der Kessel geheizt, in dem die Erd\u00e4pfel gekocht wurden. Wieder ausgek\u00fchlt wurden sie durch eine &#8222;Ratschen&#8220; gedreht und am Abend an die Schweine verf\u00fcttert. Sp\u00e4ter gab es einen elektrischen D\u00e4mpfer zum Kochen der Erd\u00e4pfel.<\/p>\n\n\n\n<p>Die G\u00e4nse bekamen Brennnesseln zu fressen, die von den Kindern gesammelt werden mussten.<\/p>\n\n\n\n<p>Auch das Ausmisten in den St\u00e4llen und das Hofkehren wurde von den Kindern \u00fcbernommen.<\/p>\n\n\n\n<p>Da die Bauern mit den Tagl\u00f6hnern den ganzen Tag auf dem Feld blieben, mussten die Kinder nach der Schule das Mittagessen hinausbringen.<\/p>\n","protected":false},"excerpt":{"rendered":"<p>Zu den Aufgaben der \u00e4lteren Kinder geh\u00f6rte es, das Schweinefutter zuzubereiten. Im Fr\u00fchjahr, wenn die Erd\u00e4pfel bereits austrieben, mussten sie zuerst &#8222;okredert&#8220; (=abgekrautert) werden. Beim &#8222;Kesselschwellen&#8220; wurde mit &#8222;Re(b)biadln&#8220; der Kessel geheizt, in dem die Erd\u00e4pfel gekocht wurden. Wieder ausgek\u00fchlt wurden sie durch eine &#8222;Ratschen&#8220; gedreht und am Abend an die Schweine verf\u00fcttert. Sp\u00e4ter gab [&hellip;]<\/p>\n","protected":false},"author":1,"featured_media":0,"parent":0,"menu_order":0,"comment_status":"closed","ping_status":"closed","template":"wp-custom-template-lebensgeschichten","meta":{"footnotes":""},"class_list":["post-570","page","type-page","status-publish","hentry"],"_links":{"self":[{"href":"https:\/\/mghaugsdorf.at\/geschichte\/index.php?rest_route=\/wp\/v2\/pages\/570","targetHints":{"allow":["GET"]}}],"collection":[{"href":"https:\/\/mghaugsdorf.at\/geschichte\/index.php?rest_route=\/wp\/v2\/pages"}],"about":[{"href":"https:\/\/mghaugsdorf.at\/geschichte\/index.php?rest_route=\/wp\/v2\/types\/page"}],"author":[{"embeddable":true,"href":"https:\/\/mghaugsdorf.at\/geschichte\/index.php?rest_route=\/wp\/v2\/users\/1"}],"replies":[{"embeddable":true,"href":"https:\/\/mghaugsdorf.at\/geschichte\/index.php?rest_route=%2Fwp%2Fv2%2Fcomments&post=570"}],"version-history":[{"count":3,"href":"https:\/\/mghaugsdorf.at\/geschichte\/index.php?rest_route=\/wp\/v2\/pages\/570\/revisions"}],"predecessor-version":[{"id":588,"href":"https:\/\/mghaugsdorf.at\/geschichte\/index.php?rest_route=\/wp\/v2\/pages\/570\/revisions\/588"}],"wp:attachment":[{"href":"https:\/\/mghaugsdorf.at\/geschichte\/index.php?rest_route=%2Fwp%2Fv2%2Fmedia&parent=570"}],"curies":[{"name":"wp","href":"https:\/\/api.w.org\/{rel}","templated":true}]}}