{"id":561,"date":"2025-02-03T11:01:15","date_gmt":"2025-02-03T11:01:15","guid":{"rendered":"https:\/\/mghaugsdorf.at\/geschichte\/?page_id=561"},"modified":"2025-02-07T13:38:55","modified_gmt":"2025-02-07T13:38:55","slug":"rund-um-kirchliches","status":"publish","type":"page","link":"https:\/\/mghaugsdorf.at\/geschichte\/?page_id=561","title":{"rendered":"Kirchliches Leben"},"content":{"rendered":"\n<p>Ministrant werden war fr\u00fcher gar nicht so einfach. Nicht jeder wurde vom Pfarrer daf\u00fcr ausersehen. Unter den Buben galt es dann auch noch, eine Mutprobe zu bestehen, um wirklich von der Gruppe aufgenommen zu werden. Der Neuling musste sich oben am Kirchturm so aus dem Fenster lehnen, dass er die Uhrzeit von der Turmuhr ablesen konnte.<\/p>\n\n\n\n<p>Der Dienst eines Ministranten begann am Sonntag mit der 2. Messe und endete am darauffolgenden Sonntag mit der 1. Messe. Dazwischen musste jeden Tag bei der Wochentagsmesse ministriert werden.<\/p>\n\n\n\n<p>Auch der Versehgang geh\u00f6rte zu ihren Aufgaben. Gemeinsam mit dem Pfarrer gingen sie zu Menschen, die im Starben lagen, und brachten die Kommunion oder die Kranken\u00f6lung. <br>Als Hans eines Tages gerade zur Kirche marschierte, um bei der Wochentagsmesse zu ministrieren, rief ihm Frau Baumgartner zu: &#8222;Schnell, Hansl, hol den Pfarrer, die Frau Lenz liegt im Sterben!&#8220; Hochw\u00fcrden Polzer teilte den Burschen gleich dazu ein, ihn zu begleiten. Hans trug vorne das Licht und hinter ihm ging der Pfarrer. Jeder, der ihnen begegnete, kniete sich hin und bekreuzigte sich. Normalerweise wartete schon jemand bei der T\u00fcr und bekreuzigte sich ebenfalls, wenn Pfarrer und Ministrant eintraten. Aber bei Frau Lenz, der Trafikantin, war die T\u00fcr verschlossen. Hans l\u00e4utet einige Male und schlie\u00dflich kam Herr Lenz heraus. &#8222;Gr\u00fc\u00df Gott, Herr Lenz, wir kommen zum Versehen&#8220;, gr\u00fc\u00dfte der Bub. Herr Lenz war erstaunt dar\u00fcber, den Pfarrer vor sich zu sehen, denn seiner Frau ging es ja gut. Zum Gl\u00fcck kam er aber dahinter, um welche Frau Lenz es sich handeln musste, und schickte die beiden dorthin.<\/p>\n\n\n\n<p><\/p>\n\n\n\n<p><\/p>\n","protected":false},"excerpt":{"rendered":"<p>Ministrant werden war fr\u00fcher gar nicht so einfach. Nicht jeder wurde vom Pfarrer daf\u00fcr ausersehen. Unter den Buben galt es dann auch noch, eine Mutprobe zu bestehen, um wirklich von der Gruppe aufgenommen zu werden. Der Neuling musste sich oben am Kirchturm so aus dem Fenster lehnen, dass er die Uhrzeit von der Turmuhr ablesen [&hellip;]<\/p>\n","protected":false},"author":1,"featured_media":0,"parent":0,"menu_order":0,"comment_status":"closed","ping_status":"closed","template":"wp-custom-template-lebensgeschichten","meta":{"footnotes":""},"class_list":["post-561","page","type-page","status-publish","hentry"],"_links":{"self":[{"href":"https:\/\/mghaugsdorf.at\/geschichte\/index.php?rest_route=\/wp\/v2\/pages\/561","targetHints":{"allow":["GET"]}}],"collection":[{"href":"https:\/\/mghaugsdorf.at\/geschichte\/index.php?rest_route=\/wp\/v2\/pages"}],"about":[{"href":"https:\/\/mghaugsdorf.at\/geschichte\/index.php?rest_route=\/wp\/v2\/types\/page"}],"author":[{"embeddable":true,"href":"https:\/\/mghaugsdorf.at\/geschichte\/index.php?rest_route=\/wp\/v2\/users\/1"}],"replies":[{"embeddable":true,"href":"https:\/\/mghaugsdorf.at\/geschichte\/index.php?rest_route=%2Fwp%2Fv2%2Fcomments&post=561"}],"version-history":[{"count":6,"href":"https:\/\/mghaugsdorf.at\/geschichte\/index.php?rest_route=\/wp\/v2\/pages\/561\/revisions"}],"predecessor-version":[{"id":709,"href":"https:\/\/mghaugsdorf.at\/geschichte\/index.php?rest_route=\/wp\/v2\/pages\/561\/revisions\/709"}],"wp:attachment":[{"href":"https:\/\/mghaugsdorf.at\/geschichte\/index.php?rest_route=%2Fwp%2Fv2%2Fmedia&parent=561"}],"curies":[{"name":"wp","href":"https:\/\/api.w.org\/{rel}","templated":true}]}}