{"id":551,"date":"2025-02-03T09:28:57","date_gmt":"2025-02-03T09:28:57","guid":{"rendered":"https:\/\/mghaugsdorf.at\/geschichte\/?page_id=551"},"modified":"2026-03-05T19:47:48","modified_gmt":"2026-03-05T19:47:48","slug":"sauabstechen","status":"publish","type":"page","link":"https:\/\/mghaugsdorf.at\/geschichte\/?page_id=551","title":{"rendered":"Sauabstechen"},"content":{"rendered":"\n<p>Das &#8222;Sauoschdechn&#8220; war fr\u00fcher ein gro\u00dfes Ereignis, eigentlich ein Familienfest, der &#8222;Saudaunz&#8220; (Sautanz) eben. Zu einem richtigen &#8222;Saudaunz&#8220; kam es gelegentlich, wenn die Sau sich ihrem Schicksal nicht ergeben wollte und fl\u00fcchtete: <em>&#8222;Schau, dass du sie gleich richtig dawischt, sonst rennt sie davon!&#8220;<\/em> Wenn es kalt wurde und die Arbeit auf den Feldern erledigt war, wurde also geschlachtet. Allein f\u00fcr eine optimale K\u00fchlung w\u00e4hlte man eine kalte Jahreszeit.<br>Die Sau wurde aus dem Stall herausgeholt, mit einem Holzschl\u00e4gel bet\u00e4ubt und &#8222;gestochen&#8220;. Das Blut wurde aufgefangen und musste so lange ger\u00fchrt werden, bis es ausgek\u00fchlt war und nicht mehr gerinnen konnte. Daraus wurde die Blunzn gemacht. Das ausgeblutete Tier kam in den Sautrog und wurde mit &#8222;Saupech&#8220; (Kiefernharz) eingerieben und anschlie\u00dfend mit hei\u00dfem Wasser &#8222;obrennt&#8220;. Mit zwei Ketten, die unter dem K\u00f6rper hin- und hergezogen wurden, entfernte man die Sauborsten. Stellen, die auf diese Art nicht erreicht wurden, schabte man mit einem Essl\u00f6ffel ab. Jetzt wurde das Schwein auf den &#8222;Saureim&#8220; gezogen, der Kopf entfernt und der K\u00f6rper in zwei H\u00e4lften geteilt, die am Hackstock noch weiter zerlegt wurden.<\/p>\n\n\n\n<div class=\"wp-block-columns is-layout-flex wp-container-core-columns-is-layout-28f84493 wp-block-columns-is-layout-flex\">\n<div class=\"wp-block-column is-layout-flow wp-block-column-is-layout-flow\">\n<figure data-wp-context=\"{&quot;imageId&quot;:&quot;69f529345e8e7&quot;}\" data-wp-interactive=\"core\/image\" data-wp-key=\"69f529345e8e7\" class=\"wp-block-image size-large wp-lightbox-container\"><img loading=\"lazy\" decoding=\"async\" width=\"1024\" height=\"716\" data-wp-class--hide=\"state.isContentHidden\" data-wp-class--show=\"state.isContentVisible\" data-wp-init=\"callbacks.setButtonStyles\" data-wp-on--click=\"actions.showLightbox\" data-wp-on--load=\"callbacks.setButtonStyles\" data-wp-on-window--resize=\"callbacks.setButtonStyles\" src=\"https:\/\/mghaugsdorf.at\/geschichte\/wp-content\/uploads\/2025\/02\/Sauabstechen-1-1024x716.jpg\" alt=\"\" class=\"wp-image-618\" srcset=\"https:\/\/mghaugsdorf.at\/geschichte\/wp-content\/uploads\/2025\/02\/Sauabstechen-1-1024x716.jpg 1024w, https:\/\/mghaugsdorf.at\/geschichte\/wp-content\/uploads\/2025\/02\/Sauabstechen-1-300x210.jpg 300w, https:\/\/mghaugsdorf.at\/geschichte\/wp-content\/uploads\/2025\/02\/Sauabstechen-1-768x537.jpg 768w, https:\/\/mghaugsdorf.at\/geschichte\/wp-content\/uploads\/2025\/02\/Sauabstechen-1.jpg 1147w\" sizes=\"auto, (max-width: 1024px) 100vw, 1024px\" \/><button\n\t\t\tclass=\"lightbox-trigger\"\n\t\t\ttype=\"button\"\n\t\t\taria-haspopup=\"dialog\"\n\t\t\taria-label=\"Vergr\u00f6\u00dfern\"\n\t\t\tdata-wp-init=\"callbacks.initTriggerButton\"\n\t\t\tdata-wp-on--click=\"actions.showLightbox\"\n\t\t\tdata-wp-style--right=\"state.imageButtonRight\"\n\t\t\tdata-wp-style--top=\"state.imageButtonTop\"\n\t\t>\n\t\t\t<svg xmlns=\"http:\/\/www.w3.org\/2000\/svg\" width=\"12\" height=\"12\" fill=\"none\" viewBox=\"0 0 12 12\">\n\t\t\t\t<path fill=\"#fff\" d=\"M2 0a2 2 0 0 0-2 2v2h1.5V2a.5.5 0 0 1 .5-.5h2V0H2Zm2 10.5H2a.5.5 0 0 1-.5-.5V8H0v2a2 2 0 0 0 2 2h2v-1.5ZM8 12v-1.5h2a.5.5 0 0 0 .5-.5V8H12v2a2 2 0 0 1-2 2H8Zm2-12a2 2 0 0 1 2 2v2h-1.5V2a.5.5 0 0 0-.5-.5H8V0h2Z\" \/>\n\t\t\t<\/svg>\n\t\t<\/button><figcaption class=\"wp-element-caption\">bei Studeny \/ Jetzelsdorf<\/figcaption><\/figure>\n<\/div>\n\n\n\n<div class=\"wp-block-column is-layout-flow wp-block-column-is-layout-flow\">\n<figure data-wp-context=\"{&quot;imageId&quot;:&quot;69f5293460aaf&quot;}\" data-wp-interactive=\"core\/image\" data-wp-key=\"69f5293460aaf\" class=\"wp-block-image size-full wp-lightbox-container\"><img loading=\"lazy\" decoding=\"async\" width=\"186\" height=\"280\" data-wp-class--hide=\"state.isContentHidden\" data-wp-class--show=\"state.isContentVisible\" data-wp-init=\"callbacks.setButtonStyles\" data-wp-on--click=\"actions.showLightbox\" data-wp-on--load=\"callbacks.setButtonStyles\" data-wp-on-window--resize=\"callbacks.setButtonStyles\" src=\"https:\/\/mghaugsdorf.at\/geschichte\/wp-content\/uploads\/2025\/02\/Sauabstechen-Proestler.jpg\" alt=\"\" class=\"wp-image-619\"\/><button\n\t\t\tclass=\"lightbox-trigger\"\n\t\t\ttype=\"button\"\n\t\t\taria-haspopup=\"dialog\"\n\t\t\taria-label=\"Vergr\u00f6\u00dfern\"\n\t\t\tdata-wp-init=\"callbacks.initTriggerButton\"\n\t\t\tdata-wp-on--click=\"actions.showLightbox\"\n\t\t\tdata-wp-style--right=\"state.imageButtonRight\"\n\t\t\tdata-wp-style--top=\"state.imageButtonTop\"\n\t\t>\n\t\t\t<svg xmlns=\"http:\/\/www.w3.org\/2000\/svg\" width=\"12\" height=\"12\" fill=\"none\" viewBox=\"0 0 12 12\">\n\t\t\t\t<path fill=\"#fff\" d=\"M2 0a2 2 0 0 0-2 2v2h1.5V2a.5.5 0 0 1 .5-.5h2V0H2Zm2 10.5H2a.5.5 0 0 1-.5-.5V8H0v2a2 2 0 0 0 2 2h2v-1.5ZM8 12v-1.5h2a.5.5 0 0 0 .5-.5V8H12v2a2 2 0 0 1-2 2H8Zm2-12a2 2 0 0 1 2 2v2h-1.5V2a.5.5 0 0 0-.5-.5H8V0h2Z\" \/>\n\t\t\t<\/svg>\n\t\t<\/button><figcaption class=\"wp-element-caption\">bei Pr\u00f6stler \/ Jetzelsdorf<\/figcaption><\/figure>\n<\/div>\n\n\n\n<div class=\"wp-block-column is-layout-flow wp-block-column-is-layout-flow\">\n<figure data-wp-context=\"{&quot;imageId&quot;:&quot;69f5293460fe6&quot;}\" data-wp-interactive=\"core\/image\" data-wp-key=\"69f5293460fe6\" class=\"wp-block-image size-full wp-lightbox-container\"><img loading=\"lazy\" decoding=\"async\" width=\"306\" height=\"401\" data-wp-class--hide=\"state.isContentHidden\" data-wp-class--show=\"state.isContentVisible\" data-wp-init=\"callbacks.setButtonStyles\" data-wp-on--click=\"actions.showLightbox\" data-wp-on--load=\"callbacks.setButtonStyles\" data-wp-on-window--resize=\"callbacks.setButtonStyles\" src=\"https:\/\/mghaugsdorf.at\/geschichte\/wp-content\/uploads\/2025\/02\/Sauabstechen-2.jpg\" alt=\"\" class=\"wp-image-621\" srcset=\"https:\/\/mghaugsdorf.at\/geschichte\/wp-content\/uploads\/2025\/02\/Sauabstechen-2.jpg 306w, https:\/\/mghaugsdorf.at\/geschichte\/wp-content\/uploads\/2025\/02\/Sauabstechen-2-229x300.jpg 229w\" sizes=\"auto, (max-width: 306px) 100vw, 306px\" \/><button\n\t\t\tclass=\"lightbox-trigger\"\n\t\t\ttype=\"button\"\n\t\t\taria-haspopup=\"dialog\"\n\t\t\taria-label=\"Vergr\u00f6\u00dfern\"\n\t\t\tdata-wp-init=\"callbacks.initTriggerButton\"\n\t\t\tdata-wp-on--click=\"actions.showLightbox\"\n\t\t\tdata-wp-style--right=\"state.imageButtonRight\"\n\t\t\tdata-wp-style--top=\"state.imageButtonTop\"\n\t\t>\n\t\t\t<svg xmlns=\"http:\/\/www.w3.org\/2000\/svg\" width=\"12\" height=\"12\" fill=\"none\" viewBox=\"0 0 12 12\">\n\t\t\t\t<path fill=\"#fff\" d=\"M2 0a2 2 0 0 0-2 2v2h1.5V2a.5.5 0 0 1 .5-.5h2V0H2Zm2 10.5H2a.5.5 0 0 1-.5-.5V8H0v2a2 2 0 0 0 2 2h2v-1.5ZM8 12v-1.5h2a.5.5 0 0 0 .5-.5V8H12v2a2 2 0 0 1-2 2H8Zm2-12a2 2 0 0 1 2 2v2h-1.5V2a.5.5 0 0 0-.5-.5H8V0h2Z\" \/>\n\t\t\t<\/svg>\n\t\t<\/button><\/figure>\n<\/div>\n<\/div>\n\n\n\n<p>Damit das alles fachgerecht geschah, holte man sich einen Profi ins Haus. In Haugsdorf war das der &#8222;Gruber-Hoider&#8220;. Franz Gruber war nicht nur f\u00fcrs &#8222;Oschdechn&#8220; zust\u00e4ndig, er war, wie seine Bezeichnung auch verr\u00e4t, der Halter des &#8222;Saub\u00e4an&#8220; und des Zuchtstieres. <br>Sollte eine Sau &#8222;bestiegen&#8220; werden, verlud Herr Gruber den Zuchteber in einen Transportwagen oder marschierte mit ihm am Strick zum entsprechenden Bauernhof.<\/p>\n\n\n\n<div class=\"wp-block-columns is-layout-flex wp-container-core-columns-is-layout-28f84493 wp-block-columns-is-layout-flex\">\n<div class=\"wp-block-column is-layout-flow wp-block-column-is-layout-flow\">\n<figure data-wp-context=\"{&quot;imageId&quot;:&quot;69f52934616f2&quot;}\" data-wp-interactive=\"core\/image\" data-wp-key=\"69f52934616f2\" class=\"wp-block-image size-large wp-lightbox-container\"><img loading=\"lazy\" decoding=\"async\" width=\"1024\" height=\"637\" data-wp-class--hide=\"state.isContentHidden\" data-wp-class--show=\"state.isContentVisible\" data-wp-init=\"callbacks.setButtonStyles\" data-wp-on--click=\"actions.showLightbox\" data-wp-on--load=\"callbacks.setButtonStyles\" data-wp-on-window--resize=\"callbacks.setButtonStyles\" src=\"https:\/\/mghaugsdorf.at\/geschichte\/wp-content\/uploads\/2025\/02\/Gruber-mit-Eber-1024x637.jpg\" alt=\"\" class=\"wp-image-616\" srcset=\"https:\/\/mghaugsdorf.at\/geschichte\/wp-content\/uploads\/2025\/02\/Gruber-mit-Eber-1024x637.jpg 1024w, https:\/\/mghaugsdorf.at\/geschichte\/wp-content\/uploads\/2025\/02\/Gruber-mit-Eber-300x187.jpg 300w, https:\/\/mghaugsdorf.at\/geschichte\/wp-content\/uploads\/2025\/02\/Gruber-mit-Eber-768x478.jpg 768w, https:\/\/mghaugsdorf.at\/geschichte\/wp-content\/uploads\/2025\/02\/Gruber-mit-Eber.jpg 1324w\" sizes=\"auto, (max-width: 1024px) 100vw, 1024px\" \/><button\n\t\t\tclass=\"lightbox-trigger\"\n\t\t\ttype=\"button\"\n\t\t\taria-haspopup=\"dialog\"\n\t\t\taria-label=\"Vergr\u00f6\u00dfern\"\n\t\t\tdata-wp-init=\"callbacks.initTriggerButton\"\n\t\t\tdata-wp-on--click=\"actions.showLightbox\"\n\t\t\tdata-wp-style--right=\"state.imageButtonRight\"\n\t\t\tdata-wp-style--top=\"state.imageButtonTop\"\n\t\t>\n\t\t\t<svg xmlns=\"http:\/\/www.w3.org\/2000\/svg\" width=\"12\" height=\"12\" fill=\"none\" viewBox=\"0 0 12 12\">\n\t\t\t\t<path fill=\"#fff\" d=\"M2 0a2 2 0 0 0-2 2v2h1.5V2a.5.5 0 0 1 .5-.5h2V0H2Zm2 10.5H2a.5.5 0 0 1-.5-.5V8H0v2a2 2 0 0 0 2 2h2v-1.5ZM8 12v-1.5h2a.5.5 0 0 0 .5-.5V8H12v2a2 2 0 0 1-2 2H8Zm2-12a2 2 0 0 1 2 2v2h-1.5V2a.5.5 0 0 0-.5-.5H8V0h2Z\" \/>\n\t\t\t<\/svg>\n\t\t<\/button><figcaption class=\"wp-element-caption\">Franz Gruber mit Zuchteber<\/figcaption><\/figure>\n<\/div>\n\n\n\n<div class=\"wp-block-column is-layout-flow wp-block-column-is-layout-flow\">\n<figure data-wp-context=\"{&quot;imageId&quot;:&quot;69f5293461c03&quot;}\" data-wp-interactive=\"core\/image\" data-wp-key=\"69f5293461c03\" class=\"wp-block-image size-large wp-lightbox-container\"><img loading=\"lazy\" decoding=\"async\" width=\"1024\" height=\"800\" data-wp-class--hide=\"state.isContentHidden\" data-wp-class--show=\"state.isContentVisible\" data-wp-init=\"callbacks.setButtonStyles\" data-wp-on--click=\"actions.showLightbox\" data-wp-on--load=\"callbacks.setButtonStyles\" data-wp-on-window--resize=\"callbacks.setButtonStyles\" src=\"https:\/\/mghaugsdorf.at\/geschichte\/wp-content\/uploads\/2025\/02\/Gruber-mit-Stier-1-1024x800.jpg\" alt=\"\" class=\"wp-image-617\" srcset=\"https:\/\/mghaugsdorf.at\/geschichte\/wp-content\/uploads\/2025\/02\/Gruber-mit-Stier-1-1024x800.jpg 1024w, https:\/\/mghaugsdorf.at\/geschichte\/wp-content\/uploads\/2025\/02\/Gruber-mit-Stier-1-300x235.jpg 300w, https:\/\/mghaugsdorf.at\/geschichte\/wp-content\/uploads\/2025\/02\/Gruber-mit-Stier-1-768x600.jpg 768w, https:\/\/mghaugsdorf.at\/geschichte\/wp-content\/uploads\/2025\/02\/Gruber-mit-Stier-1.jpg 1136w\" sizes=\"auto, (max-width: 1024px) 100vw, 1024px\" \/><button\n\t\t\tclass=\"lightbox-trigger\"\n\t\t\ttype=\"button\"\n\t\t\taria-haspopup=\"dialog\"\n\t\t\taria-label=\"Vergr\u00f6\u00dfern\"\n\t\t\tdata-wp-init=\"callbacks.initTriggerButton\"\n\t\t\tdata-wp-on--click=\"actions.showLightbox\"\n\t\t\tdata-wp-style--right=\"state.imageButtonRight\"\n\t\t\tdata-wp-style--top=\"state.imageButtonTop\"\n\t\t>\n\t\t\t<svg xmlns=\"http:\/\/www.w3.org\/2000\/svg\" width=\"12\" height=\"12\" fill=\"none\" viewBox=\"0 0 12 12\">\n\t\t\t\t<path fill=\"#fff\" d=\"M2 0a2 2 0 0 0-2 2v2h1.5V2a.5.5 0 0 1 .5-.5h2V0H2Zm2 10.5H2a.5.5 0 0 1-.5-.5V8H0v2a2 2 0 0 0 2 2h2v-1.5ZM8 12v-1.5h2a.5.5 0 0 0 .5-.5V8H12v2a2 2 0 0 1-2 2H8Zm2-12a2 2 0 0 1 2 2v2h-1.5V2a.5.5 0 0 0-.5-.5H8V0h2Z\" \/>\n\t\t\t<\/svg>\n\t\t<\/button><figcaption class=\"wp-element-caption\">und mit Zuchtstier<\/figcaption><\/figure>\n<\/div>\n\n\n\n<div class=\"wp-block-column is-layout-flow wp-block-column-is-layout-flow\">\n<figure data-wp-context=\"{&quot;imageId&quot;:&quot;69f529346212f&quot;}\" data-wp-interactive=\"core\/image\" data-wp-key=\"69f529346212f\" class=\"wp-block-image size-full wp-lightbox-container\"><img loading=\"lazy\" decoding=\"async\" width=\"370\" height=\"247\" data-wp-class--hide=\"state.isContentHidden\" data-wp-class--show=\"state.isContentVisible\" data-wp-init=\"callbacks.setButtonStyles\" data-wp-on--click=\"actions.showLightbox\" data-wp-on--load=\"callbacks.setButtonStyles\" data-wp-on-window--resize=\"callbacks.setButtonStyles\" src=\"https:\/\/mghaugsdorf.at\/geschichte\/wp-content\/uploads\/2025\/02\/Gruber-mit-Zuchtstier.jpg\" alt=\"\" class=\"wp-image-620\" srcset=\"https:\/\/mghaugsdorf.at\/geschichte\/wp-content\/uploads\/2025\/02\/Gruber-mit-Zuchtstier.jpg 370w, https:\/\/mghaugsdorf.at\/geschichte\/wp-content\/uploads\/2025\/02\/Gruber-mit-Zuchtstier-300x200.jpg 300w\" sizes=\"auto, (max-width: 370px) 100vw, 370px\" \/><button\n\t\t\tclass=\"lightbox-trigger\"\n\t\t\ttype=\"button\"\n\t\t\taria-haspopup=\"dialog\"\n\t\t\taria-label=\"Vergr\u00f6\u00dfern\"\n\t\t\tdata-wp-init=\"callbacks.initTriggerButton\"\n\t\t\tdata-wp-on--click=\"actions.showLightbox\"\n\t\t\tdata-wp-style--right=\"state.imageButtonRight\"\n\t\t\tdata-wp-style--top=\"state.imageButtonTop\"\n\t\t>\n\t\t\t<svg xmlns=\"http:\/\/www.w3.org\/2000\/svg\" width=\"12\" height=\"12\" fill=\"none\" viewBox=\"0 0 12 12\">\n\t\t\t\t<path fill=\"#fff\" d=\"M2 0a2 2 0 0 0-2 2v2h1.5V2a.5.5 0 0 1 .5-.5h2V0H2Zm2 10.5H2a.5.5 0 0 1-.5-.5V8H0v2a2 2 0 0 0 2 2h2v-1.5ZM8 12v-1.5h2a.5.5 0 0 0 .5-.5V8H12v2a2 2 0 0 1-2 2H8Zm2-12a2 2 0 0 1 2 2v2h-1.5V2a.5.5 0 0 0-.5-.5H8V0h2Z\" \/>\n\t\t\t<\/svg>\n\t\t<\/button><\/figure>\n<\/div>\n<\/div>\n\n\n\n<p>Die weitere Verarbeitung des Fleisches erfolgte dann meist durch die Familie selbst, was oft mehrere Tage in Anspruch nahm. <\/p>\n\n\n\n<div class=\"wp-block-columns is-layout-flex wp-container-core-columns-is-layout-28f84493 wp-block-columns-is-layout-flex\">\n<div class=\"wp-block-column is-layout-flow wp-block-column-is-layout-flow\" style=\"flex-basis:33.33%\">\n<figure data-wp-context=\"{&quot;imageId&quot;:&quot;69f529346279b&quot;}\" data-wp-interactive=\"core\/image\" data-wp-key=\"69f529346279b\" class=\"wp-block-image size-full wp-lightbox-container\"><img loading=\"lazy\" decoding=\"async\" width=\"250\" height=\"366\" data-wp-class--hide=\"state.isContentHidden\" data-wp-class--show=\"state.isContentVisible\" data-wp-init=\"callbacks.setButtonStyles\" data-wp-on--click=\"actions.showLightbox\" data-wp-on--load=\"callbacks.setButtonStyles\" data-wp-on-window--resize=\"callbacks.setButtonStyles\" src=\"https:\/\/mghaugsdorf.at\/geschichte\/wp-content\/uploads\/2025\/02\/Sauabstechen-3-1.jpg\" alt=\"\" class=\"wp-image-625\" srcset=\"https:\/\/mghaugsdorf.at\/geschichte\/wp-content\/uploads\/2025\/02\/Sauabstechen-3-1.jpg 250w, https:\/\/mghaugsdorf.at\/geschichte\/wp-content\/uploads\/2025\/02\/Sauabstechen-3-1-205x300.jpg 205w\" sizes=\"auto, (max-width: 250px) 100vw, 250px\" \/><button\n\t\t\tclass=\"lightbox-trigger\"\n\t\t\ttype=\"button\"\n\t\t\taria-haspopup=\"dialog\"\n\t\t\taria-label=\"Vergr\u00f6\u00dfern\"\n\t\t\tdata-wp-init=\"callbacks.initTriggerButton\"\n\t\t\tdata-wp-on--click=\"actions.showLightbox\"\n\t\t\tdata-wp-style--right=\"state.imageButtonRight\"\n\t\t\tdata-wp-style--top=\"state.imageButtonTop\"\n\t\t>\n\t\t\t<svg xmlns=\"http:\/\/www.w3.org\/2000\/svg\" width=\"12\" height=\"12\" fill=\"none\" viewBox=\"0 0 12 12\">\n\t\t\t\t<path fill=\"#fff\" d=\"M2 0a2 2 0 0 0-2 2v2h1.5V2a.5.5 0 0 1 .5-.5h2V0H2Zm2 10.5H2a.5.5 0 0 1-.5-.5V8H0v2a2 2 0 0 0 2 2h2v-1.5ZM8 12v-1.5h2a.5.5 0 0 0 .5-.5V8H12v2a2 2 0 0 1-2 2H8Zm2-12a2 2 0 0 1 2 2v2h-1.5V2a.5.5 0 0 0-.5-.5H8V0h2Z\" \/>\n\t\t\t<\/svg>\n\t\t<\/button><\/figure>\n<\/div>\n\n\n\n<div class=\"wp-block-column is-layout-flow wp-block-column-is-layout-flow\" style=\"flex-basis:66.66%\">\n<p>Die &#8222;Darm&#8220; wurden geputzt, also gewendet und gereinigt. Die Blunzenf\u00fcllung kam in den Dickdarm, die Presswurst f\u00fcllte man in den gereinigten Magen. Der D\u00fcnndarm wurde mit dem R\u00fccken eines Messers geschabt und gew\u00e4ssert und f\u00fcr die Bratw\u00fcrste gen\u00fctzt.<br>Fleisch kam in den &#8222;Staunta&#8220; (Holzfass mit Deckel) und wurde eingesalzen (gep\u00f6kelt).<\/p>\n<\/div>\n<\/div>\n\n\n\n<p>Man a\u00df es als Surfleisch oder lie\u00df es weiter reifen, bis es geselcht werden konnte. Wer keine eigene Selchgelegenheit hatte, brachte es zum Fleischhauer. Das &#8222;Gs\u00f6chte&#8220; musste luftig und trocken aufbewahrt werden und wurde meist am Dachboden aufgeh\u00e4ngt.<\/p>\n\n\n\n<p>Am Schlachttag gab es zu Mittag h\u00e4ufig ger\u00f6stete Leber, aber auch das &#8222;Kotzengschroa&#8220; war eine beliebte Speise am Schlachttag.<\/p>\n\n\n\n<p>Zum Fettenschneiden kamen oft die Frauen der Nachbarschaft zum Helfen. Dabei entfernte man zuerst die Schwarte und schnitt dann das Fett in W\u00fcrfel. Oma heizte in der Wirtschaftsk\u00fcche den gro\u00dfen Kessel an, und darin wurden stundenlang die Grammeln ausgelassen. Den Kessel durfte man nicht aus den Augen lassen, denn wenn das Fett ins Feuer spritze, bestand h\u00f6chste Brandgefahr.<\/p>\n\n\n\n<p>Die Haugsdorfer Kellerstra\u00dfe wurde immer auch &#8222;Schmoizgrui&#8220; genannt. Es wird erz\u00e4hlt, dass beim Schmalzauslassen einmal Feuer ausbrach und viele H\u00e4user niederbrannten.<\/p>\n\n\n\n<p>Wenn die Grammeln endlich goldgelb gl\u00e4nzten, wurden sie mit der Grammelpresse ordentlich ausgedr\u00fcckt. Noch warm mit Salz und Brot gegessen schmeckten sie am besten. Zur Aufbewahren kamen die Grammeln in einen Keramiktopf, der aber nicht luftdicht verschlossen werden durfte.<br>Das noch hei\u00dfe Schmalz wurde in die Schmalzdesen gegossen und k\u00fchl gelagert.<\/p>\n\n\n\n<p>In den 70iger-Jahren gab es noch keine Plastiksackerl, wie wir sie jetzt kennen. F\u00fcrs &#8222;Fleischeinpackeln&#8220; kaufte man Plastikschl\u00e4uche, die man in die ben\u00f6tigte Gr\u00f6\u00dfe schneiden musste.<\/p>\n\n\n\n<p><strong>Geschichte \u00fcber das Sauabstechen in der Kriegszeit:<\/strong><br><em>W\u00e4hrend des Krieges wurden Schweine oft ohne Genehmigung geschlachtet. Dabei kam es zu folgender Misere: Ein Bauer meldete ein Schwein an, schlachtete allerdings zwei. Als pl\u00f6tzlich ein Kontrolleur vor dem Tor stand, wurden schnell zwei Schweineh\u00e4lften versteckt<\/em>. <em>Ungl\u00fccklicherweise schaute dabei niemand so genau und so hingen zwar nur zwei halbe Schweine auf dem Saureim, aber jedes hatte ein Schw\u00e4nzchen. <\/em><br><\/p>\n","protected":false},"excerpt":{"rendered":"<p>Das &#8222;Sauoschdechn&#8220; war fr\u00fcher ein gro\u00dfes Ereignis, eigentlich ein Familienfest, der &#8222;Saudaunz&#8220; (Sautanz) eben. Zu einem richtigen &#8222;Saudaunz&#8220; kam es gelegentlich, wenn die Sau sich ihrem Schicksal nicht ergeben wollte und fl\u00fcchtete: &#8222;Schau, dass du sie gleich richtig dawischt, sonst rennt sie davon!&#8220; Wenn es kalt wurde und die Arbeit auf den Feldern erledigt war, [&hellip;]<\/p>\n","protected":false},"author":1,"featured_media":0,"parent":0,"menu_order":0,"comment_status":"closed","ping_status":"closed","template":"wp-custom-template-lebensgeschichten","meta":{"footnotes":""},"class_list":["post-551","page","type-page","status-publish","hentry"],"_links":{"self":[{"href":"https:\/\/mghaugsdorf.at\/geschichte\/index.php?rest_route=\/wp\/v2\/pages\/551","targetHints":{"allow":["GET"]}}],"collection":[{"href":"https:\/\/mghaugsdorf.at\/geschichte\/index.php?rest_route=\/wp\/v2\/pages"}],"about":[{"href":"https:\/\/mghaugsdorf.at\/geschichte\/index.php?rest_route=\/wp\/v2\/types\/page"}],"author":[{"embeddable":true,"href":"https:\/\/mghaugsdorf.at\/geschichte\/index.php?rest_route=\/wp\/v2\/users\/1"}],"replies":[{"embeddable":true,"href":"https:\/\/mghaugsdorf.at\/geschichte\/index.php?rest_route=%2Fwp%2Fv2%2Fcomments&post=551"}],"version-history":[{"count":20,"href":"https:\/\/mghaugsdorf.at\/geschichte\/index.php?rest_route=\/wp\/v2\/pages\/551\/revisions"}],"predecessor-version":[{"id":1165,"href":"https:\/\/mghaugsdorf.at\/geschichte\/index.php?rest_route=\/wp\/v2\/pages\/551\/revisions\/1165"}],"wp:attachment":[{"href":"https:\/\/mghaugsdorf.at\/geschichte\/index.php?rest_route=%2Fwp%2Fv2%2Fmedia&parent=551"}],"curies":[{"name":"wp","href":"https:\/\/api.w.org\/{rel}","templated":true}]}}