{"id":1152,"date":"2026-03-05T19:36:22","date_gmt":"2026-03-05T19:36:22","guid":{"rendered":"https:\/\/mghaugsdorf.at\/geschichte\/?page_id=1152"},"modified":"2026-03-05T19:36:22","modified_gmt":"2026-03-05T19:36:22","slug":"obst-und-gemuese","status":"publish","type":"page","link":"https:\/\/mghaugsdorf.at\/geschichte\/?page_id=1152","title":{"rendered":"Obst und Gem\u00fcse"},"content":{"rendered":"\n<p>&#8222;Regional &#8211; Saisonal&#8220; war fr\u00fcher kein Thema!<br>Auf den Tisch kam, was gerade am Feld und im Garten reif wurde. Um aber f\u00fcr den Winter Vorr\u00e4te zu haben, mussten Obst und Gem\u00fcse haltbar gemacht werden.<\/p>\n","protected":false},"excerpt":{"rendered":"<p>&#8222;Regional &#8211; Saisonal&#8220; war fr\u00fcher kein Thema!Auf den Tisch kam, was gerade am Feld und im Garten reif wurde. Um aber f\u00fcr den Winter Vorr\u00e4te zu haben, mussten Obst und Gem\u00fcse haltbar gemacht werden.<\/p>\n","protected":false},"author":1,"featured_media":0,"parent":0,"menu_order":0,"comment_status":"closed","ping_status":"closed","template":"wp-custom-template-lebensgeschichten","meta":{"footnotes":""},"class_list":["post-1152","page","type-page","status-publish","hentry"],"_links":{"self":[{"href":"https:\/\/mghaugsdorf.at\/geschichte\/index.php?rest_route=\/wp\/v2\/pages\/1152","targetHints":{"allow":["GET"]}}],"collection":[{"href":"https:\/\/mghaugsdorf.at\/geschichte\/index.php?rest_route=\/wp\/v2\/pages"}],"about":[{"href":"https:\/\/mghaugsdorf.at\/geschichte\/index.php?rest_route=\/wp\/v2\/types\/page"}],"author":[{"embeddable":true,"href":"https:\/\/mghaugsdorf.at\/geschichte\/index.php?rest_route=\/wp\/v2\/users\/1"}],"replies":[{"embeddable":true,"href":"https:\/\/mghaugsdorf.at\/geschichte\/index.php?rest_route=%2Fwp%2Fv2%2Fcomments&post=1152"}],"version-history":[{"count":1,"href":"https:\/\/mghaugsdorf.at\/geschichte\/index.php?rest_route=\/wp\/v2\/pages\/1152\/revisions"}],"predecessor-version":[{"id":1161,"href":"https:\/\/mghaugsdorf.at\/geschichte\/index.php?rest_route=\/wp\/v2\/pages\/1152\/revisions\/1161"}],"wp:attachment":[{"href":"https:\/\/mghaugsdorf.at\/geschichte\/index.php?rest_route=%2Fwp%2Fv2%2Fmedia&parent=1152"}],"curies":[{"name":"wp","href":"https:\/\/api.w.org\/{rel}","templated":true}]}}