{"id":1115,"date":"2026-03-01T17:40:40","date_gmt":"2026-03-01T17:40:40","guid":{"rendered":"https:\/\/mghaugsdorf.at\/geschichte\/?page_id=1115"},"modified":"2026-03-01T17:57:09","modified_gmt":"2026-03-01T17:57:09","slug":"alltag-und-leben-im-pulkautal","status":"publish","type":"page","link":"https:\/\/mghaugsdorf.at\/geschichte\/?page_id=1115","title":{"rendered":"Alltag und Leben im Pulkautal"},"content":{"rendered":"\n<p><strong>Austrommler<\/strong><br>Weit entfernt von unseren heutigen Kommunikationsm\u00f6glichkeiten war es fr\u00fcher die Aufgabe des Austrommlers, im Auftrag des B\u00fcrgermeisters oder der Beh\u00f6rden\u00a0<strong>amtliche Kundmachungen<\/strong>\u00a0und wichtige Neuigkeiten im Ort zu verbreiten. Daf\u00fcr zog er meist mit dem Fahrrad oder zu Fu\u00df durch das Dorf. Er hielt an markanten Pl\u00e4tzen inne und schlug die Trommel, um Aufmerksamkeit zu erregen. Nun kamen die Bewohner aus ihren H\u00e4usern, und der Trommler verlas mit lauter Stimme die Nachrichten.<\/p>\n\n\n\n<p><strong>Taschenfeitel \/ Taschenmesser<\/strong><br>M\u00e4nner trugen fr\u00fcher immer einen Taschenfeitel bei sich, ganz nach dem Motto &#8222;Ohne Taschenfeitel bist du kein Mann&#8220;. Der Feitel hatte einen Holzgriff und eine einklappbare Schneide und kam im Alltag oft in Verwendung, bei der Arbeit genauso wie beim Jausnen.<\/p>\n\n\n\n<p>Es gab auch einen Taschenfeitel-Clubs. Begegneten sich zwei Mitglieder, zogen jeder seinen Feitel heraus und sie legten Klinge an Klinge. Hatte einer jedoch seinen Feitel nicht dabei, musste er Strafe zahlen.<\/p>\n\n\n\n<p><br><\/p>\n","protected":false},"excerpt":{"rendered":"<p>AustrommlerWeit entfernt von unseren heutigen Kommunikationsm\u00f6glichkeiten war es fr\u00fcher die Aufgabe des Austrommlers, im Auftrag des B\u00fcrgermeisters oder der Beh\u00f6rden\u00a0amtliche Kundmachungen\u00a0und wichtige Neuigkeiten im Ort zu verbreiten. Daf\u00fcr zog er meist mit dem Fahrrad oder zu Fu\u00df durch das Dorf. Er hielt an markanten Pl\u00e4tzen inne und schlug die Trommel, um Aufmerksamkeit zu erregen. Nun [&hellip;]<\/p>\n","protected":false},"author":1,"featured_media":0,"parent":0,"menu_order":0,"comment_status":"closed","ping_status":"closed","template":"wp-custom-template-lebensgeschichten","meta":{"footnotes":""},"class_list":["post-1115","page","type-page","status-publish","hentry"],"_links":{"self":[{"href":"https:\/\/mghaugsdorf.at\/geschichte\/index.php?rest_route=\/wp\/v2\/pages\/1115","targetHints":{"allow":["GET"]}}],"collection":[{"href":"https:\/\/mghaugsdorf.at\/geschichte\/index.php?rest_route=\/wp\/v2\/pages"}],"about":[{"href":"https:\/\/mghaugsdorf.at\/geschichte\/index.php?rest_route=\/wp\/v2\/types\/page"}],"author":[{"embeddable":true,"href":"https:\/\/mghaugsdorf.at\/geschichte\/index.php?rest_route=\/wp\/v2\/users\/1"}],"replies":[{"embeddable":true,"href":"https:\/\/mghaugsdorf.at\/geschichte\/index.php?rest_route=%2Fwp%2Fv2%2Fcomments&post=1115"}],"version-history":[{"count":3,"href":"https:\/\/mghaugsdorf.at\/geschichte\/index.php?rest_route=\/wp\/v2\/pages\/1115\/revisions"}],"predecessor-version":[{"id":1119,"href":"https:\/\/mghaugsdorf.at\/geschichte\/index.php?rest_route=\/wp\/v2\/pages\/1115\/revisions\/1119"}],"wp:attachment":[{"href":"https:\/\/mghaugsdorf.at\/geschichte\/index.php?rest_route=%2Fwp%2Fv2%2Fmedia&parent=1115"}],"curies":[{"name":"wp","href":"https:\/\/api.w.org\/{rel}","templated":true}]}}