{"id":1078,"date":"2026-02-04T18:34:34","date_gmt":"2026-02-04T18:34:34","guid":{"rendered":"https:\/\/mghaugsdorf.at\/geschichte\/?page_id=1078"},"modified":"2026-02-04T20:17:41","modified_gmt":"2026-02-04T20:17:41","slug":"meierhof","status":"publish","type":"page","link":"https:\/\/mghaugsdorf.at\/geschichte\/?page_id=1078","title":{"rendered":"Meierhof"},"content":{"rendered":"\n<figure data-wp-context=\"{&quot;imageId&quot;:&quot;69f52968ce743&quot;}\" data-wp-interactive=\"core\/image\" data-wp-key=\"69f52968ce743\" class=\"wp-block-image size-large wp-lightbox-container\"><img loading=\"lazy\" decoding=\"async\" width=\"1024\" height=\"687\" data-wp-class--hide=\"state.isContentHidden\" data-wp-class--show=\"state.isContentVisible\" data-wp-init=\"callbacks.setButtonStyles\" data-wp-on--click=\"actions.showLightbox\" data-wp-on--load=\"callbacks.setButtonStyles\" data-wp-on-window--resize=\"callbacks.setButtonStyles\" src=\"https:\/\/mghaugsdorf.at\/geschichte\/wp-content\/uploads\/2026\/02\/Haugsdorf-1-1024x687.jpg\" alt=\"\" class=\"wp-image-1080\" srcset=\"https:\/\/mghaugsdorf.at\/geschichte\/wp-content\/uploads\/2026\/02\/Haugsdorf-1-1024x687.jpg 1024w, https:\/\/mghaugsdorf.at\/geschichte\/wp-content\/uploads\/2026\/02\/Haugsdorf-1-300x201.jpg 300w, https:\/\/mghaugsdorf.at\/geschichte\/wp-content\/uploads\/2026\/02\/Haugsdorf-1-768x515.jpg 768w, https:\/\/mghaugsdorf.at\/geschichte\/wp-content\/uploads\/2026\/02\/Haugsdorf-1.jpg 1352w\" sizes=\"auto, (max-width: 1024px) 100vw, 1024px\" \/><button\n\t\t\tclass=\"lightbox-trigger\"\n\t\t\ttype=\"button\"\n\t\t\taria-haspopup=\"dialog\"\n\t\t\taria-label=\"Vergr\u00f6\u00dfern\"\n\t\t\tdata-wp-init=\"callbacks.initTriggerButton\"\n\t\t\tdata-wp-on--click=\"actions.showLightbox\"\n\t\t\tdata-wp-style--right=\"state.imageButtonRight\"\n\t\t\tdata-wp-style--top=\"state.imageButtonTop\"\n\t\t>\n\t\t\t<svg xmlns=\"http:\/\/www.w3.org\/2000\/svg\" width=\"12\" height=\"12\" fill=\"none\" viewBox=\"0 0 12 12\">\n\t\t\t\t<path fill=\"#fff\" d=\"M2 0a2 2 0 0 0-2 2v2h1.5V2a.5.5 0 0 1 .5-.5h2V0H2Zm2 10.5H2a.5.5 0 0 1-.5-.5V8H0v2a2 2 0 0 0 2 2h2v-1.5ZM8 12v-1.5h2a.5.5 0 0 0 .5-.5V8H12v2a2 2 0 0 1-2 2H8Zm2-12a2 2 0 0 1 2 2v2h-1.5V2a.5.5 0 0 0-.5-.5H8V0h2Z\" \/>\n\t\t\t<\/svg>\n\t\t<\/button><\/figure>\n\n\n\n<p>Auf diesem Gem\u00e4lde aus dem Jahre 1768 sieht man im Hintergrund, also im Osten der Marktgemeinde Haugsdorf, einen gro\u00dfen Gutshof, den Meierhof. Nach ihm ist auch diese Stra\u00dfe benannt. Als \u201eMeier\u201c bezeichnete man den Verwalter oder P\u00e4chter eines solchen Hofes, der zur direkten Versorgung des Grundherrn diente.<\/p>\n\n\n\n<p>Kurz nach 1637 \u00fcbernahmen die Freiherrn von Kirchberg dieses Anwesen und sollten \u00fcber 200 Jahre den Ort Haugsdorf pr\u00e4gen. Ihren Wohnsitz hatte das bedeutende Adelsgeschlecht im Schloss am Kirchenplatz.<\/p>\n\n\n\n<p>In Dokumenten des fr\u00fchen 19. Jahrhunderts wird bereits der <strong><em>Freiherr von <\/em><\/strong><strong><em>Kirchberg\u2019schen Stiftungsfonds<\/em><\/strong>&nbsp;als Eigent\u00fcmer der Herrschaft Haugsdorf gef\u00fchrt. Nach Aufhebung der Grundherrschaft 1848\/49 wandelte sich die <em>Freiherr von Kirchberg-Stiftung<\/em> zu einer karitativen, zweckgebundenen Stiftung, die bis heute besteht.&nbsp;<\/p>\n\n\n\n<p>Am 1. August 1851 mietete der Gemeindevorstand von Haugsdorf einen Teil des Meierhof-Kuhstalles. Dort wurden drei Pferde, eine Sattel- und Futterkammer f\u00fcr die k.k. berittene Gendarmerie untergebracht. Die in historischen Dokumenten verwendete Bezeichnung \u201eGendarmerie-Kaserne\u201c ist mit einem heutigen Polizeiposten vergleichbar.<\/p>\n\n\n\n<p>Im Meierhof befand sich auch das Depot f\u00fcr den Leichenwagen.<\/p>\n\n\n\n<div class=\"wp-block-columns is-layout-flex wp-container-core-columns-is-layout-28f84493 wp-block-columns-is-layout-flex\">\n<div class=\"wp-block-column is-layout-flow wp-block-column-is-layout-flow\">\n<p>1893 wurde die Scheuer, die zur Lagerung und zum Dreschen des Getreides verwendet wurde, zu einem Kindergarten um adaptiert, der bis heute dort etabliert ist.<\/p>\n\n\n\n<p>1895 wurde dem Radfahrclub Pulkautal die Ben\u00fctzung des Meierhofes als \u00dcbungsplatz w\u00e4hrend der Zeit, wo derselbe nicht f\u00fcr Schulzwecke in<br>Anspruch genommen wurde, gestattet. Unter der alten, m\u00e4chtigen, schattigen Linde fand n\u00e4mlich im Sommer der Turnunterricht statt. Ein Teil des Meierhofgartens wurde zum Schulgarten.<\/p>\n<\/div>\n<\/div>\n\n\n\n<div class=\"wp-block-columns is-layout-flex wp-container-core-columns-is-layout-28f84493 wp-block-columns-is-layout-flex\">\n<div class=\"wp-block-column is-layout-flow wp-block-column-is-layout-flow\">\n<div class=\"wp-block-columns is-layout-flex wp-container-core-columns-is-layout-28f84493 wp-block-columns-is-layout-flex\">\n<div class=\"wp-block-column is-layout-flow wp-block-column-is-layout-flow\" style=\"flex-basis:33.33%\">\n<figure data-wp-context=\"{&quot;imageId&quot;:&quot;69f52968d0956&quot;}\" data-wp-interactive=\"core\/image\" data-wp-key=\"69f52968d0956\" class=\"wp-block-image size-large wp-lightbox-container\"><img loading=\"lazy\" decoding=\"async\" width=\"670\" height=\"1024\" data-wp-class--hide=\"state.isContentHidden\" data-wp-class--show=\"state.isContentVisible\" data-wp-init=\"callbacks.setButtonStyles\" data-wp-on--click=\"actions.showLightbox\" data-wp-on--load=\"callbacks.setButtonStyles\" data-wp-on-window--resize=\"callbacks.setButtonStyles\" src=\"https:\/\/mghaugsdorf.at\/geschichte\/wp-content\/uploads\/2026\/02\/Monsterkonzert-670x1024.jpg\" alt=\"\" class=\"wp-image-1088\" srcset=\"https:\/\/mghaugsdorf.at\/geschichte\/wp-content\/uploads\/2026\/02\/Monsterkonzert-670x1024.jpg 670w, https:\/\/mghaugsdorf.at\/geschichte\/wp-content\/uploads\/2026\/02\/Monsterkonzert-196x300.jpg 196w, https:\/\/mghaugsdorf.at\/geschichte\/wp-content\/uploads\/2026\/02\/Monsterkonzert.jpg 750w\" sizes=\"auto, (max-width: 670px) 100vw, 670px\" \/><button\n\t\t\tclass=\"lightbox-trigger\"\n\t\t\ttype=\"button\"\n\t\t\taria-haspopup=\"dialog\"\n\t\t\taria-label=\"Vergr\u00f6\u00dfern\"\n\t\t\tdata-wp-init=\"callbacks.initTriggerButton\"\n\t\t\tdata-wp-on--click=\"actions.showLightbox\"\n\t\t\tdata-wp-style--right=\"state.imageButtonRight\"\n\t\t\tdata-wp-style--top=\"state.imageButtonTop\"\n\t\t>\n\t\t\t<svg xmlns=\"http:\/\/www.w3.org\/2000\/svg\" width=\"12\" height=\"12\" fill=\"none\" viewBox=\"0 0 12 12\">\n\t\t\t\t<path fill=\"#fff\" d=\"M2 0a2 2 0 0 0-2 2v2h1.5V2a.5.5 0 0 1 .5-.5h2V0H2Zm2 10.5H2a.5.5 0 0 1-.5-.5V8H0v2a2 2 0 0 0 2 2h2v-1.5ZM8 12v-1.5h2a.5.5 0 0 0 .5-.5V8H12v2a2 2 0 0 1-2 2H8Zm2-12a2 2 0 0 1 2 2v2h-1.5V2a.5.5 0 0 0-.5-.5H8V0h2Z\" \/>\n\t\t\t<\/svg>\n\t\t<\/button><\/figure>\n<\/div>\n\n\n\n<div class=\"wp-block-column is-layout-flow wp-block-column-is-layout-flow\" style=\"flex-basis:66.66%\">\n<p>Am Christi Himmelfahrtstag 1905 veranstaltete der Haugsdorfer M\u00e4nner-Gesangs- und Musik-Verein ein einzigartiges Monster-Streichkonzert im Meierhofgarten: <br>87 Musiker spielten Werke von Johann Strauss, C. M. Ziehrer und weiteren eher unbekannten Komponisten.<\/p>\n<\/div>\n<\/div>\n<\/div>\n<\/div>\n\n\n\n<div class=\"wp-block-columns is-layout-flex wp-container-core-columns-is-layout-28f84493 wp-block-columns-is-layout-flex\">\n<div class=\"wp-block-column is-layout-flow wp-block-column-is-layout-flow\" style=\"flex-basis:66.66%\">\n<p>1881 wurde in Haugsdorf die freiwillige Feuerwehr gegr\u00fcndet. Das \u201eFeuerwehrh\u00e4usel\u201c stand vorerst neben der Sparkasse am Hauptplatz.<\/p>\n<\/div>\n\n\n\n<div class=\"wp-block-column is-layout-flow wp-block-column-is-layout-flow\" style=\"flex-basis:33.33%\">\n<figure data-wp-context=\"{&quot;imageId&quot;:&quot;69f52968d116b&quot;}\" data-wp-interactive=\"core\/image\" data-wp-key=\"69f52968d116b\" class=\"wp-block-image size-large wp-lightbox-container\"><img loading=\"lazy\" decoding=\"async\" width=\"1024\" height=\"636\" data-wp-class--hide=\"state.isContentHidden\" data-wp-class--show=\"state.isContentVisible\" data-wp-init=\"callbacks.setButtonStyles\" data-wp-on--click=\"actions.showLightbox\" data-wp-on--load=\"callbacks.setButtonStyles\" data-wp-on-window--resize=\"callbacks.setButtonStyles\" src=\"https:\/\/mghaugsdorf.at\/geschichte\/wp-content\/uploads\/2026\/02\/Feuerwehrhaus-1024x636.jpg\" alt=\"\" class=\"wp-image-1083\" srcset=\"https:\/\/mghaugsdorf.at\/geschichte\/wp-content\/uploads\/2026\/02\/Feuerwehrhaus-1024x636.jpg 1024w, https:\/\/mghaugsdorf.at\/geschichte\/wp-content\/uploads\/2026\/02\/Feuerwehrhaus-300x186.jpg 300w, https:\/\/mghaugsdorf.at\/geschichte\/wp-content\/uploads\/2026\/02\/Feuerwehrhaus-768x477.jpg 768w, https:\/\/mghaugsdorf.at\/geschichte\/wp-content\/uploads\/2026\/02\/Feuerwehrhaus-1536x954.jpg 1536w, https:\/\/mghaugsdorf.at\/geschichte\/wp-content\/uploads\/2026\/02\/Feuerwehrhaus.jpg 1600w\" sizes=\"auto, (max-width: 1024px) 100vw, 1024px\" \/><button\n\t\t\tclass=\"lightbox-trigger\"\n\t\t\ttype=\"button\"\n\t\t\taria-haspopup=\"dialog\"\n\t\t\taria-label=\"Vergr\u00f6\u00dfern\"\n\t\t\tdata-wp-init=\"callbacks.initTriggerButton\"\n\t\t\tdata-wp-on--click=\"actions.showLightbox\"\n\t\t\tdata-wp-style--right=\"state.imageButtonRight\"\n\t\t\tdata-wp-style--top=\"state.imageButtonTop\"\n\t\t>\n\t\t\t<svg xmlns=\"http:\/\/www.w3.org\/2000\/svg\" width=\"12\" height=\"12\" fill=\"none\" viewBox=\"0 0 12 12\">\n\t\t\t\t<path fill=\"#fff\" d=\"M2 0a2 2 0 0 0-2 2v2h1.5V2a.5.5 0 0 1 .5-.5h2V0H2Zm2 10.5H2a.5.5 0 0 1-.5-.5V8H0v2a2 2 0 0 0 2 2h2v-1.5ZM8 12v-1.5h2a.5.5 0 0 0 .5-.5V8H12v2a2 2 0 0 1-2 2H8Zm2-12a2 2 0 0 1 2 2v2h-1.5V2a.5.5 0 0 0-.5-.5H8V0h2Z\" \/>\n\t\t\t<\/svg>\n\t\t<\/button><\/figure>\n<\/div>\n<\/div>\n\n\n\n<div class=\"wp-block-columns is-layout-flex wp-container-core-columns-is-layout-28f84493 wp-block-columns-is-layout-flex\">\n<div class=\"wp-block-column is-layout-flow wp-block-column-is-layout-flow\">\n<p>Sp\u00e4ter \u00fcbersiedelte das Zeughaus in den \u201egutherrlichen Sch\u00fcttkasten\u201c beim Meierhof. Der Platz links davon (heute Kindergarten) diente bis in die Siebzigerjahre als \u00dcbungs- und Exerzierplatz.<\/p>\n\n\n\n<div class=\"wp-block-columns is-layout-flex wp-container-core-columns-is-layout-28f84493 wp-block-columns-is-layout-flex\">\n<div class=\"wp-block-column is-layout-flow wp-block-column-is-layout-flow\">\n<figure data-wp-context=\"{&quot;imageId&quot;:&quot;69f52968d1740&quot;}\" data-wp-interactive=\"core\/image\" data-wp-key=\"69f52968d1740\" class=\"wp-block-image size-full wp-lightbox-container\"><img loading=\"lazy\" decoding=\"async\" width=\"900\" height=\"489\" data-wp-class--hide=\"state.isContentHidden\" data-wp-class--show=\"state.isContentVisible\" data-wp-init=\"callbacks.setButtonStyles\" data-wp-on--click=\"actions.showLightbox\" data-wp-on--load=\"callbacks.setButtonStyles\" data-wp-on-window--resize=\"callbacks.setButtonStyles\" src=\"https:\/\/mghaugsdorf.at\/geschichte\/wp-content\/uploads\/2026\/02\/altes-Feuerwehrhaus.jpg\" alt=\"\" class=\"wp-image-1084\" srcset=\"https:\/\/mghaugsdorf.at\/geschichte\/wp-content\/uploads\/2026\/02\/altes-Feuerwehrhaus.jpg 900w, https:\/\/mghaugsdorf.at\/geschichte\/wp-content\/uploads\/2026\/02\/altes-Feuerwehrhaus-300x163.jpg 300w, https:\/\/mghaugsdorf.at\/geschichte\/wp-content\/uploads\/2026\/02\/altes-Feuerwehrhaus-768x417.jpg 768w\" sizes=\"auto, (max-width: 900px) 100vw, 900px\" \/><button\n\t\t\tclass=\"lightbox-trigger\"\n\t\t\ttype=\"button\"\n\t\t\taria-haspopup=\"dialog\"\n\t\t\taria-label=\"Vergr\u00f6\u00dfern\"\n\t\t\tdata-wp-init=\"callbacks.initTriggerButton\"\n\t\t\tdata-wp-on--click=\"actions.showLightbox\"\n\t\t\tdata-wp-style--right=\"state.imageButtonRight\"\n\t\t\tdata-wp-style--top=\"state.imageButtonTop\"\n\t\t>\n\t\t\t<svg xmlns=\"http:\/\/www.w3.org\/2000\/svg\" width=\"12\" height=\"12\" fill=\"none\" viewBox=\"0 0 12 12\">\n\t\t\t\t<path fill=\"#fff\" d=\"M2 0a2 2 0 0 0-2 2v2h1.5V2a.5.5 0 0 1 .5-.5h2V0H2Zm2 10.5H2a.5.5 0 0 1-.5-.5V8H0v2a2 2 0 0 0 2 2h2v-1.5ZM8 12v-1.5h2a.5.5 0 0 0 .5-.5V8H12v2a2 2 0 0 1-2 2H8Zm2-12a2 2 0 0 1 2 2v2h-1.5V2a.5.5 0 0 0-.5-.5H8V0h2Z\" \/>\n\t\t\t<\/svg>\n\t\t<\/button><\/figure>\n\n\n\n<p>1914 wurde an der Stra\u00dfenfront ein h\u00f6lzerner Steigerturm errichtet, um dort nach Eins\u00e4tzen oder \u00dcbungen die nassen Schl\u00e4uche aufzuh\u00e4ngen.<\/p>\n<\/div>\n\n\n\n<div class=\"wp-block-column is-layout-flow wp-block-column-is-layout-flow\">\n<figure class=\"wp-block-image size-large\"><img loading=\"lazy\" decoding=\"async\" width=\"1024\" height=\"734\" src=\"https:\/\/mghaugsdorf.at\/geschichte\/wp-content\/uploads\/2026\/02\/Hitlerjugend-1024x734.jpg\" alt=\"\" class=\"wp-image-1097\" srcset=\"https:\/\/mghaugsdorf.at\/geschichte\/wp-content\/uploads\/2026\/02\/Hitlerjugend-1024x734.jpg 1024w, https:\/\/mghaugsdorf.at\/geschichte\/wp-content\/uploads\/2026\/02\/Hitlerjugend-300x215.jpg 300w, https:\/\/mghaugsdorf.at\/geschichte\/wp-content\/uploads\/2026\/02\/Hitlerjugend-768x550.jpg 768w, https:\/\/mghaugsdorf.at\/geschichte\/wp-content\/uploads\/2026\/02\/Hitlerjugend.jpg 1351w\" sizes=\"auto, (max-width: 1024px) 100vw, 1024px\" \/><\/figure>\n\n\n\n<p>Hitlerjugend am Meierhof<\/p>\n<\/div>\n<\/div>\n<\/div>\n<\/div>\n\n\n\n<div class=\"wp-block-columns is-layout-flex wp-container-core-columns-is-layout-28f84493 wp-block-columns-is-layout-flex\">\n<div class=\"wp-block-column is-layout-flow wp-block-column-is-layout-flow\">\n<p>Mitte der 50er-Jahre brachte man im hinteren Teil des Sch\u00fcttkastens eine Gemeinschaftsk\u00fchltruhenanlage unter. <\/p>\n\n\n\n<div class=\"wp-block-columns is-layout-flex wp-container-core-columns-is-layout-28f84493 wp-block-columns-is-layout-flex\">\n<div class=\"wp-block-column is-layout-flow wp-block-column-is-layout-flow\">\n<figure data-wp-context=\"{&quot;imageId&quot;:&quot;69f52968d1fbc&quot;}\" data-wp-interactive=\"core\/image\" data-wp-key=\"69f52968d1fbc\" class=\"wp-block-image size-large wp-lightbox-container\"><img loading=\"lazy\" decoding=\"async\" width=\"1024\" height=\"703\" data-wp-class--hide=\"state.isContentHidden\" data-wp-class--show=\"state.isContentVisible\" data-wp-init=\"callbacks.setButtonStyles\" data-wp-on--click=\"actions.showLightbox\" data-wp-on--load=\"callbacks.setButtonStyles\" data-wp-on-window--resize=\"callbacks.setButtonStyles\" src=\"https:\/\/mghaugsdorf.at\/geschichte\/wp-content\/uploads\/2026\/02\/Maiandacht-3-1024x703.jpg\" alt=\"\" class=\"wp-image-1085\" srcset=\"https:\/\/mghaugsdorf.at\/geschichte\/wp-content\/uploads\/2026\/02\/Maiandacht-3-1024x703.jpg 1024w, https:\/\/mghaugsdorf.at\/geschichte\/wp-content\/uploads\/2026\/02\/Maiandacht-3-300x206.jpg 300w, https:\/\/mghaugsdorf.at\/geschichte\/wp-content\/uploads\/2026\/02\/Maiandacht-3-768x527.jpg 768w, https:\/\/mghaugsdorf.at\/geschichte\/wp-content\/uploads\/2026\/02\/Maiandacht-3.jpg 1129w\" sizes=\"auto, (max-width: 1024px) 100vw, 1024px\" \/><button\n\t\t\tclass=\"lightbox-trigger\"\n\t\t\ttype=\"button\"\n\t\t\taria-haspopup=\"dialog\"\n\t\t\taria-label=\"Vergr\u00f6\u00dfern\"\n\t\t\tdata-wp-init=\"callbacks.initTriggerButton\"\n\t\t\tdata-wp-on--click=\"actions.showLightbox\"\n\t\t\tdata-wp-style--right=\"state.imageButtonRight\"\n\t\t\tdata-wp-style--top=\"state.imageButtonTop\"\n\t\t>\n\t\t\t<svg xmlns=\"http:\/\/www.w3.org\/2000\/svg\" width=\"12\" height=\"12\" fill=\"none\" viewBox=\"0 0 12 12\">\n\t\t\t\t<path fill=\"#fff\" d=\"M2 0a2 2 0 0 0-2 2v2h1.5V2a.5.5 0 0 1 .5-.5h2V0H2Zm2 10.5H2a.5.5 0 0 1-.5-.5V8H0v2a2 2 0 0 0 2 2h2v-1.5ZM8 12v-1.5h2a.5.5 0 0 0 .5-.5V8H12v2a2 2 0 0 1-2 2H8Zm2-12a2 2 0 0 1 2 2v2h-1.5V2a.5.5 0 0 0-.5-.5H8V0h2Z\" \/>\n\t\t\t<\/svg>\n\t\t<\/button><\/figure>\n<\/div>\n\n\n\n<div class=\"wp-block-column is-layout-flow wp-block-column-is-layout-flow\">\n<figure data-wp-context=\"{&quot;imageId&quot;:&quot;69f52968d245e&quot;}\" data-wp-interactive=\"core\/image\" data-wp-key=\"69f52968d245e\" class=\"wp-block-image size-large wp-lightbox-container\"><img loading=\"lazy\" decoding=\"async\" width=\"1024\" height=\"695\" data-wp-class--hide=\"state.isContentHidden\" data-wp-class--show=\"state.isContentVisible\" data-wp-init=\"callbacks.setButtonStyles\" data-wp-on--click=\"actions.showLightbox\" data-wp-on--load=\"callbacks.setButtonStyles\" data-wp-on-window--resize=\"callbacks.setButtonStyles\" src=\"https:\/\/mghaugsdorf.at\/geschichte\/wp-content\/uploads\/2026\/02\/Maiandacht-1-1024x695.jpg\" alt=\"\" class=\"wp-image-1086\" srcset=\"https:\/\/mghaugsdorf.at\/geschichte\/wp-content\/uploads\/2026\/02\/Maiandacht-1-1024x695.jpg 1024w, https:\/\/mghaugsdorf.at\/geschichte\/wp-content\/uploads\/2026\/02\/Maiandacht-1-300x204.jpg 300w, https:\/\/mghaugsdorf.at\/geschichte\/wp-content\/uploads\/2026\/02\/Maiandacht-1-768x522.jpg 768w, https:\/\/mghaugsdorf.at\/geschichte\/wp-content\/uploads\/2026\/02\/Maiandacht-1.jpg 1144w\" sizes=\"auto, (max-width: 1024px) 100vw, 1024px\" \/><button\n\t\t\tclass=\"lightbox-trigger\"\n\t\t\ttype=\"button\"\n\t\t\taria-haspopup=\"dialog\"\n\t\t\taria-label=\"Vergr\u00f6\u00dfern\"\n\t\t\tdata-wp-init=\"callbacks.initTriggerButton\"\n\t\t\tdata-wp-on--click=\"actions.showLightbox\"\n\t\t\tdata-wp-style--right=\"state.imageButtonRight\"\n\t\t\tdata-wp-style--top=\"state.imageButtonTop\"\n\t\t>\n\t\t\t<svg xmlns=\"http:\/\/www.w3.org\/2000\/svg\" width=\"12\" height=\"12\" fill=\"none\" viewBox=\"0 0 12 12\">\n\t\t\t\t<path fill=\"#fff\" d=\"M2 0a2 2 0 0 0-2 2v2h1.5V2a.5.5 0 0 1 .5-.5h2V0H2Zm2 10.5H2a.5.5 0 0 1-.5-.5V8H0v2a2 2 0 0 0 2 2h2v-1.5ZM8 12v-1.5h2a.5.5 0 0 0 .5-.5V8H12v2a2 2 0 0 1-2 2H8Zm2-12a2 2 0 0 1 2 2v2h-1.5V2a.5.5 0 0 0-.5-.5H8V0h2Z\" \/>\n\t\t\t<\/svg>\n\t\t<\/button><\/figure>\n<\/div>\n\n\n\n<div class=\"wp-block-column is-layout-flow wp-block-column-is-layout-flow\">\n<figure data-wp-context=\"{&quot;imageId&quot;:&quot;69f52968d293a&quot;}\" data-wp-interactive=\"core\/image\" data-wp-key=\"69f52968d293a\" class=\"wp-block-image size-large wp-lightbox-container\"><img loading=\"lazy\" decoding=\"async\" width=\"1024\" height=\"600\" data-wp-class--hide=\"state.isContentHidden\" data-wp-class--show=\"state.isContentVisible\" data-wp-init=\"callbacks.setButtonStyles\" data-wp-on--click=\"actions.showLightbox\" data-wp-on--load=\"callbacks.setButtonStyles\" data-wp-on-window--resize=\"callbacks.setButtonStyles\" src=\"https:\/\/mghaugsdorf.at\/geschichte\/wp-content\/uploads\/2026\/02\/Maiandacht-2-1024x600.jpg\" alt=\"\" class=\"wp-image-1087\" srcset=\"https:\/\/mghaugsdorf.at\/geschichte\/wp-content\/uploads\/2026\/02\/Maiandacht-2-1024x600.jpg 1024w, https:\/\/mghaugsdorf.at\/geschichte\/wp-content\/uploads\/2026\/02\/Maiandacht-2-300x176.jpg 300w, https:\/\/mghaugsdorf.at\/geschichte\/wp-content\/uploads\/2026\/02\/Maiandacht-2-768x450.jpg 768w, https:\/\/mghaugsdorf.at\/geschichte\/wp-content\/uploads\/2026\/02\/Maiandacht-2.jpg 1192w\" sizes=\"auto, (max-width: 1024px) 100vw, 1024px\" \/><button\n\t\t\tclass=\"lightbox-trigger\"\n\t\t\ttype=\"button\"\n\t\t\taria-haspopup=\"dialog\"\n\t\t\taria-label=\"Vergr\u00f6\u00dfern\"\n\t\t\tdata-wp-init=\"callbacks.initTriggerButton\"\n\t\t\tdata-wp-on--click=\"actions.showLightbox\"\n\t\t\tdata-wp-style--right=\"state.imageButtonRight\"\n\t\t\tdata-wp-style--top=\"state.imageButtonTop\"\n\t\t>\n\t\t\t<svg xmlns=\"http:\/\/www.w3.org\/2000\/svg\" width=\"12\" height=\"12\" fill=\"none\" viewBox=\"0 0 12 12\">\n\t\t\t\t<path fill=\"#fff\" d=\"M2 0a2 2 0 0 0-2 2v2h1.5V2a.5.5 0 0 1 .5-.5h2V0H2Zm2 10.5H2a.5.5 0 0 1-.5-.5V8H0v2a2 2 0 0 0 2 2h2v-1.5ZM8 12v-1.5h2a.5.5 0 0 0 .5-.5V8H12v2a2 2 0 0 1-2 2H8Zm2-12a2 2 0 0 1 2 2v2h-1.5V2a.5.5 0 0 0-.5-.5H8V0h2Z\" \/>\n\t\t\t<\/svg>\n\t\t<\/button><\/figure>\n<\/div>\n<\/div>\n\n\n\n<p>Am 19. Mai 1957 fand am Meierhof ein Dekanatsjugendtag unter dem Motto &#8222;Jugend Christi &#8211; Licht der Welt&#8220; statt.<\/p>\n\n\n\n<p>1995 wurden aus der Gemeinschaftsk\u00fchlanlage Mannschafts- und Schulungsr\u00e4ume der Feuerwehr. Das Geb\u00e4ude wurde allerdings immer bauf\u00e4lliger und bot nicht den n\u00f6tigen Platz f\u00fcr moderne Einsatzfahrzeuge. <br>Als 2007 das neue Feuerwehrhaus er\u00f6ffnet wurde, zog die Landjugend ins alte Zeughaus ein und adaptierte die R\u00e4ume f\u00fcr ihre Zwecke.<\/p>\n<\/div>\n<\/div>\n\n\n\n<p><\/p>\n","protected":false},"excerpt":{"rendered":"<p>Auf diesem Gem\u00e4lde aus dem Jahre 1768 sieht man im Hintergrund, also im Osten der Marktgemeinde Haugsdorf, einen gro\u00dfen Gutshof, den Meierhof. Nach ihm ist auch diese Stra\u00dfe benannt. Als \u201eMeier\u201c bezeichnete man den Verwalter oder P\u00e4chter eines solchen Hofes, der zur direkten Versorgung des Grundherrn diente. Kurz nach 1637 \u00fcbernahmen die Freiherrn von Kirchberg [&hellip;]<\/p>\n","protected":false},"author":1,"featured_media":0,"parent":0,"menu_order":0,"comment_status":"closed","ping_status":"closed","template":"","meta":{"footnotes":""},"class_list":["post-1078","page","type-page","status-publish","hentry"],"_links":{"self":[{"href":"https:\/\/mghaugsdorf.at\/geschichte\/index.php?rest_route=\/wp\/v2\/pages\/1078","targetHints":{"allow":["GET"]}}],"collection":[{"href":"https:\/\/mghaugsdorf.at\/geschichte\/index.php?rest_route=\/wp\/v2\/pages"}],"about":[{"href":"https:\/\/mghaugsdorf.at\/geschichte\/index.php?rest_route=\/wp\/v2\/types\/page"}],"author":[{"embeddable":true,"href":"https:\/\/mghaugsdorf.at\/geschichte\/index.php?rest_route=\/wp\/v2\/users\/1"}],"replies":[{"embeddable":true,"href":"https:\/\/mghaugsdorf.at\/geschichte\/index.php?rest_route=%2Fwp%2Fv2%2Fcomments&post=1078"}],"version-history":[{"count":8,"href":"https:\/\/mghaugsdorf.at\/geschichte\/index.php?rest_route=\/wp\/v2\/pages\/1078\/revisions"}],"predecessor-version":[{"id":1100,"href":"https:\/\/mghaugsdorf.at\/geschichte\/index.php?rest_route=\/wp\/v2\/pages\/1078\/revisions\/1100"}],"wp:attachment":[{"href":"https:\/\/mghaugsdorf.at\/geschichte\/index.php?rest_route=%2Fwp%2Fv2%2Fmedia&parent=1078"}],"curies":[{"name":"wp","href":"https:\/\/api.w.org\/{rel}","templated":true}]}}