{"id":1063,"date":"2026-02-04T16:53:41","date_gmt":"2026-02-04T16:53:41","guid":{"rendered":"https:\/\/mghaugsdorf.at\/geschichte\/?page_id=1063"},"modified":"2026-02-04T20:29:22","modified_gmt":"2026-02-04T20:29:22","slug":"artesischer-brunnen","status":"publish","type":"page","link":"https:\/\/mghaugsdorf.at\/geschichte\/?page_id=1063","title":{"rendered":"Artesischer Brunnen"},"content":{"rendered":"\n<div class=\"wp-block-columns is-layout-flex wp-container-core-columns-is-layout-28f84493 wp-block-columns-is-layout-flex\">\n<div class=\"wp-block-column is-layout-flow wp-block-column-is-layout-flow\">\n<p>Im Jahre 1894 begann man, am Hauptplatz einen Artesischen Brunnen zu bohren. Damals wurde bei einer Tiefe von 84,70 m die Bohrung beendet.<\/p>\n\n\n\n<p>Eine weitere Bohrung erfolgte im Jahr 1896. Bei einer Tiefe von <br>116 m wurde zu bohren aufgeh\u00f6rt und verrohrt.<br>Damals konnte man folgende Schichtung erkennen:&nbsp;<\/p>\n\n\n\n<figure class=\"wp-block-image size-full\"><img loading=\"lazy\" decoding=\"async\" width=\"490\" height=\"670\" src=\"https:\/\/mghaugsdorf.at\/geschichte\/wp-content\/uploads\/2026\/02\/Bild1-1.jpg\" alt=\"\" class=\"wp-image-1071\" srcset=\"https:\/\/mghaugsdorf.at\/geschichte\/wp-content\/uploads\/2026\/02\/Bild1-1.jpg 490w, https:\/\/mghaugsdorf.at\/geschichte\/wp-content\/uploads\/2026\/02\/Bild1-1-219x300.jpg 219w\" sizes=\"auto, (max-width: 490px) 100vw, 490px\" \/><\/figure>\n<\/div>\n\n\n\n<div class=\"wp-block-column is-layout-flow wp-block-column-is-layout-flow\">\n<figure class=\"wp-block-image size-full\"><img loading=\"lazy\" decoding=\"async\" width=\"400\" height=\"539\" src=\"https:\/\/mghaugsdorf.at\/geschichte\/wp-content\/uploads\/2026\/02\/Brunnen-am-Hauptplatz-Haugsdorf-cGuentherZtalk-1.jpg\" alt=\"\" class=\"wp-image-1073\" srcset=\"https:\/\/mghaugsdorf.at\/geschichte\/wp-content\/uploads\/2026\/02\/Brunnen-am-Hauptplatz-Haugsdorf-cGuentherZtalk-1.jpg 400w, https:\/\/mghaugsdorf.at\/geschichte\/wp-content\/uploads\/2026\/02\/Brunnen-am-Hauptplatz-Haugsdorf-cGuentherZtalk-1-223x300.jpg 223w\" sizes=\"auto, (max-width: 400px) 100vw, 400px\" \/><\/figure>\n\n\n\n<p>1965 wurde der Brunnen von der N\u00d6SIWAG (Nieder\u00f6sterreichische<br>Siedlungswassergesellschaft) auf <br>139 m vertieft. <\/p>\n\n\n\n<p>Erst bei 85 m Tiefe stie\u00df man auf eine wasserf\u00fchrende Schicht mit einer St\u00e4rke von 40 m.<\/p>\n<\/div>\n<\/div>\n\n\n\n<div class=\"wp-block-columns is-layout-flex wp-container-core-columns-is-layout-28f84493 wp-block-columns-is-layout-flex\">\n<div class=\"wp-block-column is-layout-flow wp-block-column-is-layout-flow\">\n<p>1967 wurde mit dem Bau der Pulkautaler Wasserleitung begonnen. Haugsdorf war die erste Gemeinde, in der Teile des Ortsnetzes schon fertig waren, bevor noch die Zuleitung mit Wasser vorhanden war. Daher entnahm man ungef\u00e4hr f\u00fcnf Jahre lang Wasser aus dem Artesischen Brunnen. Da es aber zu viel Eisen und Mangan enthielt, wurde nach Fertigstellung der Ringwasserleitung damit aufgeh\u00f6rt.<\/p>\n\n\n\n<div class=\"wp-block-columns is-layout-flex wp-container-core-columns-is-layout-28f84493 wp-block-columns-is-layout-flex\">\n<div class=\"wp-block-column is-layout-flow wp-block-column-is-layout-flow\">\n<p>In diesen Jahren entfernte man die Brunnenstatue und entsorgte sie auf der M\u00fcllhalde. Dort wurde sie von Josef Aufgewekt entdeckt, der sie im Schlosshof aufstellte. Schlie\u00dflich forderte die Gemeinde die Statue wieder zur\u00fcck und stellte sie auf ihrem urspr\u00fcnglichen Platz auf.<\/p>\n\n\n\n<p>2018 wurde der Brunnen saniert und mit automatischen Trinkwasserspendern ausgestattet.<\/p>\n<\/div>\n\n\n\n<div class=\"wp-block-column is-layout-flow wp-block-column-is-layout-flow\">\n<figure data-wp-context=\"{&quot;imageId&quot;:&quot;69f5297d858c3&quot;}\" data-wp-interactive=\"core\/image\" data-wp-key=\"69f5297d858c3\" class=\"wp-block-image size-full wp-lightbox-container\"><img loading=\"lazy\" decoding=\"async\" width=\"419\" height=\"633\" data-wp-class--hide=\"state.isContentHidden\" data-wp-class--show=\"state.isContentVisible\" data-wp-init=\"callbacks.setButtonStyles\" data-wp-on--click=\"actions.showLightbox\" data-wp-on--load=\"callbacks.setButtonStyles\" data-wp-on-window--resize=\"callbacks.setButtonStyles\" src=\"https:\/\/mghaugsdorf.at\/geschichte\/wp-content\/uploads\/2026\/02\/Brunnenstatue.jpg\" alt=\"\" class=\"wp-image-1074\" srcset=\"https:\/\/mghaugsdorf.at\/geschichte\/wp-content\/uploads\/2026\/02\/Brunnenstatue.jpg 419w, https:\/\/mghaugsdorf.at\/geschichte\/wp-content\/uploads\/2026\/02\/Brunnenstatue-199x300.jpg 199w\" sizes=\"auto, (max-width: 419px) 100vw, 419px\" \/><button\n\t\t\tclass=\"lightbox-trigger\"\n\t\t\ttype=\"button\"\n\t\t\taria-haspopup=\"dialog\"\n\t\t\taria-label=\"Vergr\u00f6\u00dfern\"\n\t\t\tdata-wp-init=\"callbacks.initTriggerButton\"\n\t\t\tdata-wp-on--click=\"actions.showLightbox\"\n\t\t\tdata-wp-style--right=\"state.imageButtonRight\"\n\t\t\tdata-wp-style--top=\"state.imageButtonTop\"\n\t\t>\n\t\t\t<svg xmlns=\"http:\/\/www.w3.org\/2000\/svg\" width=\"12\" height=\"12\" fill=\"none\" viewBox=\"0 0 12 12\">\n\t\t\t\t<path fill=\"#fff\" d=\"M2 0a2 2 0 0 0-2 2v2h1.5V2a.5.5 0 0 1 .5-.5h2V0H2Zm2 10.5H2a.5.5 0 0 1-.5-.5V8H0v2a2 2 0 0 0 2 2h2v-1.5ZM8 12v-1.5h2a.5.5 0 0 0 .5-.5V8H12v2a2 2 0 0 1-2 2H8Zm2-12a2 2 0 0 1 2 2v2h-1.5V2a.5.5 0 0 0-.5-.5H8V0h2Z\" \/>\n\t\t\t<\/svg>\n\t\t<\/button><\/figure>\n<\/div>\n<\/div>\n<\/div>\n<\/div>\n\n\n\n<div class=\"wp-block-columns is-layout-flex wp-container-core-columns-is-layout-28f84493 wp-block-columns-is-layout-flex\">\n<div class=\"wp-block-column is-layout-flow wp-block-column-is-layout-flow\">\n<figure class=\"wp-block-image size-large\"><img loading=\"lazy\" decoding=\"async\" width=\"1024\" height=\"587\" src=\"https:\/\/mghaugsdorf.at\/geschichte\/wp-content\/uploads\/2026\/02\/Hauptplatz-1-1024x587.jpg\" alt=\"\" class=\"wp-image-1101\" srcset=\"https:\/\/mghaugsdorf.at\/geschichte\/wp-content\/uploads\/2026\/02\/Hauptplatz-1-1024x587.jpg 1024w, https:\/\/mghaugsdorf.at\/geschichte\/wp-content\/uploads\/2026\/02\/Hauptplatz-1-300x172.jpg 300w, https:\/\/mghaugsdorf.at\/geschichte\/wp-content\/uploads\/2026\/02\/Hauptplatz-1-768x440.jpg 768w, https:\/\/mghaugsdorf.at\/geschichte\/wp-content\/uploads\/2026\/02\/Hauptplatz-1-1536x880.jpg 1536w, https:\/\/mghaugsdorf.at\/geschichte\/wp-content\/uploads\/2026\/02\/Hauptplatz-1-2048x1173.jpg 2048w\" sizes=\"auto, (max-width: 1024px) 100vw, 1024px\" \/><figcaption class=\"wp-element-caption\">Hauptplatz mit Artesischem Brunnen<\/figcaption><\/figure>\n<\/div>\n\n\n\n<div class=\"wp-block-column is-layout-flow wp-block-column-is-layout-flow\">\n<figure class=\"wp-block-image size-full\"><img loading=\"lazy\" decoding=\"async\" width=\"974\" height=\"656\" src=\"https:\/\/mghaugsdorf.at\/geschichte\/wp-content\/uploads\/2026\/02\/Hauptplatz-2.jpg\" alt=\"\" class=\"wp-image-1103\" srcset=\"https:\/\/mghaugsdorf.at\/geschichte\/wp-content\/uploads\/2026\/02\/Hauptplatz-2.jpg 974w, https:\/\/mghaugsdorf.at\/geschichte\/wp-content\/uploads\/2026\/02\/Hauptplatz-2-300x202.jpg 300w, https:\/\/mghaugsdorf.at\/geschichte\/wp-content\/uploads\/2026\/02\/Hauptplatz-2-768x517.jpg 768w\" sizes=\"auto, (max-width: 974px) 100vw, 974px\" \/><\/figure>\n<\/div>\n<\/div>\n\n\n\n<p><\/p>\n","protected":false},"excerpt":{"rendered":"<p>Im Jahre 1894 begann man, am Hauptplatz einen Artesischen Brunnen zu bohren. Damals wurde bei einer Tiefe von 84,70 m die Bohrung beendet. Eine weitere Bohrung erfolgte im Jahr 1896. Bei einer Tiefe von 116 m wurde zu bohren aufgeh\u00f6rt und verrohrt.Damals konnte man folgende Schichtung erkennen:&nbsp; 1965 wurde der Brunnen von der N\u00d6SIWAG (Nieder\u00f6sterreichischeSiedlungswassergesellschaft) [&hellip;]<\/p>\n","protected":false},"author":1,"featured_media":0,"parent":0,"menu_order":0,"comment_status":"closed","ping_status":"closed","template":"","meta":{"footnotes":""},"class_list":["post-1063","page","type-page","status-publish","hentry"],"_links":{"self":[{"href":"https:\/\/mghaugsdorf.at\/geschichte\/index.php?rest_route=\/wp\/v2\/pages\/1063","targetHints":{"allow":["GET"]}}],"collection":[{"href":"https:\/\/mghaugsdorf.at\/geschichte\/index.php?rest_route=\/wp\/v2\/pages"}],"about":[{"href":"https:\/\/mghaugsdorf.at\/geschichte\/index.php?rest_route=\/wp\/v2\/types\/page"}],"author":[{"embeddable":true,"href":"https:\/\/mghaugsdorf.at\/geschichte\/index.php?rest_route=\/wp\/v2\/users\/1"}],"replies":[{"embeddable":true,"href":"https:\/\/mghaugsdorf.at\/geschichte\/index.php?rest_route=%2Fwp%2Fv2%2Fcomments&post=1063"}],"version-history":[{"count":3,"href":"https:\/\/mghaugsdorf.at\/geschichte\/index.php?rest_route=\/wp\/v2\/pages\/1063\/revisions"}],"predecessor-version":[{"id":1104,"href":"https:\/\/mghaugsdorf.at\/geschichte\/index.php?rest_route=\/wp\/v2\/pages\/1063\/revisions\/1104"}],"wp:attachment":[{"href":"https:\/\/mghaugsdorf.at\/geschichte\/index.php?rest_route=%2Fwp%2Fv2%2Fmedia&parent=1063"}],"curies":[{"name":"wp","href":"https:\/\/api.w.org\/{rel}","templated":true}]}}